{"id":2144,"date":"2024-07-01T20:18:54","date_gmt":"2024-07-01T18:18:54","guid":{"rendered":"https:\/\/onlinemegoldasok.com\/?page_id=2144"},"modified":"2025-10-13T14:54:51","modified_gmt":"2025-10-13T12:54:51","slug":"rolam","status":"publish","type":"page","link":"https:\/\/onlinemegoldasok.com\/de\/rolam\/","title":{"rendered":"\u00dcber mich"},"content":{"rendered":"<div data-elementor-type=\"wp-page\" data-elementor-id=\"2144\" class=\"elementor elementor-2144\" data-elementor-post-type=\"page\">\n\t\t\t\t<div class=\"elementor-element elementor-element-c96f513 e-flex e-con-boxed e-con e-parent\" data-id=\"c96f513\" data-element_type=\"container\" data-e-type=\"container\" data-settings=\"{&quot;background_background&quot;:&quot;gradient&quot;}\">\n\t\t\t\t\t<div class=\"e-con-inner\">\n\t\t\t\t<div class=\"elementor-element elementor-element-d66ad3e elementor-invisible elementor-widget elementor-widget-heading\" data-id=\"d66ad3e\" data-element_type=\"widget\" data-e-type=\"widget\" data-settings=\"{&quot;_animation&quot;:&quot;fadeInDown&quot;}\" data-widget_type=\"heading.default\">\n\t\t\t\t<div class=\"elementor-widget-container\">\n\t\t\t\t\t<h2 class=\"elementor-heading-title elementor-size-default\">\u00dcber mich<\/h2>\t\t\t\t<\/div>\n\t\t\t\t<\/div>\n\t\t\t\t<div class=\"elementor-element elementor-element-a1aaaac elementor-widget-tablet__width-initial elementor-widget elementor-widget-image\" data-id=\"a1aaaac\" data-element_type=\"widget\" data-e-type=\"widget\" data-widget_type=\"image.default\">\n\t\t\t\t<div class=\"elementor-widget-container\">\n\t\t\t\t\t\t\t\t\t\t\t\t\t\t\t<img fetchpriority=\"high\" decoding=\"async\" width=\"590\" height=\"1024\" src=\"https:\/\/onlinemegoldasok.com\/wp-content\/uploads\/2025\/04\/rolunk-590x1024.webp\" class=\"attachment-large size-large wp-image-5875\" alt=\"\" srcset=\"https:\/\/onlinemegoldasok.com\/wp-content\/uploads\/2025\/04\/rolunk-590x1024.webp 590w, https:\/\/onlinemegoldasok.com\/wp-content\/uploads\/2025\/04\/rolunk-173x300.webp 173w, https:\/\/onlinemegoldasok.com\/wp-content\/uploads\/2025\/04\/rolunk-768x1333.webp 768w, https:\/\/onlinemegoldasok.com\/wp-content\/uploads\/2025\/04\/rolunk-600x1042.webp 600w, https:\/\/onlinemegoldasok.com\/wp-content\/uploads\/2025\/04\/rolunk.webp 800w\" sizes=\"(max-width: 590px) 100vw, 590px\" \/>\t\t\t\t\t\t\t\t\t\t\t\t\t\t\t<\/div>\n\t\t\t\t<\/div>\n\t\t\t\t<div class=\"elementor-element elementor-element-40513a7 elementor-invisible elementor-widget elementor-widget-heading\" data-id=\"40513a7\" data-element_type=\"widget\" data-e-type=\"widget\" data-settings=\"{&quot;_animation&quot;:&quot;fadeInLeft&quot;}\" data-widget_type=\"heading.default\">\n\t\t\t\t<div class=\"elementor-widget-container\">\n\t\t\t\t\t<h2 class=\"elementor-heading-title elementor-size-default\">Herzlich willkommen!<\/h2>\t\t\t\t<\/div>\n\t\t\t\t<\/div>\n\t\t\t\t<div class=\"elementor-element elementor-element-cdcc21f elementor-widget elementor-widget-text-editor\" data-id=\"cdcc21f\" data-element_type=\"widget\" data-e-type=\"widget\" data-widget_type=\"text-editor.default\">\n\t\t\t\t<div class=\"elementor-widget-container\">\n\t\t\t\t\t\t\t\t\t<p>Ich bin \u00c1gnes Nagy, Inhaberin und Gr\u00fcnderin der Website Creative Solutions Online.<\/p><p>Ich interessiere mich schon lange f\u00fcr die Welt der Websites - wie sie funktionieren, warum die eine eine erfolgreiche Online-Pr\u00e4senz ist und die andere eine verlorene Chance. Nach einer gr\u00fcndlichen Ausbildung und dem Erlernen mehrerer Berufe beschloss ich, mein eigenes Unternehmen zu gr\u00fcnden, um denjenigen zu helfen, die wirklich das Beste aus ihrer Website herausholen wollen.<\/p><p>Ich beschleunige, baue, gestalte und optimiere Websites - denn ich glaube, dass eine Online-Pr\u00e4senz nur dann effektiv ist, wenn Design und Leistung Hand in Hand gehen. Eine moderne, schnelle und gut strukturierte Website ist nicht nur \u00e4sthetisch ansprechend, sondern auch gesch\u00e4ftlich effektiv: Sie bietet ein besseres Nutzererlebnis und bringt mehr Kunden.<\/p><p>Bei meiner Arbeit strebe ich stets nach Zuverl\u00e4ssigkeit, Transparenz und langfristigen Ergebnissen.<br \/>Ich verfolge bei jedem Projekt einen ma\u00dfgeschneiderten Ansatz - denn kein Unternehmen ist wie das andere, es gibt keine Einheitsl\u00f6sung.<\/p><p>\"Mein Ziel ist es, dass die Websites meiner Kunden nicht nur im Internet pr\u00e4sent sind, sondern auch gut funktionieren.\"<\/p><p>\ud83d\udc49 Kontaktieren Sie mich und lassen Sie uns sehen, wie ich Ihnen helfen kann!<\/p>\t\t\t\t\t\t\t\t<\/div>\n\t\t\t\t<\/div>\n\t\t\t\t<div class=\"elementor-element elementor-element-354cfbe elementor-align-center elementor-widget elementor-widget-button\" data-id=\"354cfbe\" data-element_type=\"widget\" data-e-type=\"widget\" data-widget_type=\"button.default\">\n\t\t\t\t<div class=\"elementor-widget-container\">\n\t\t\t\t\t\t\t\t\t<div class=\"elementor-button-wrapper\">\n\t\t\t\t\t<a class=\"elementor-button elementor-button-link elementor-size-sm elementor-animation-grow\" href=\"https:\/\/onlinemegoldasok.com\/de\/sklaventattoos\/#kerek\" target=\"_blank\">\n\t\t\t\t\t\t<span class=\"elementor-button-content-wrapper\">\n\t\t\t\t\t\t<span class=\"elementor-button-icon\">\n\t\t\t\t<svg aria-hidden=\"true\" class=\"e-font-icon-svg e-fas-hand-point-right\" viewbox=\"0 0 512 512\" xmlns=\"http:\/\/www.w3.org\/2000\/svg\"><path d=\"M512 199.652c0 23.625-20.65 43.826-44.8 43.826h-99.851c16.34 17.048 18.346 49.766-6.299 70.944 14.288 22.829 2.147 53.017-16.45 62.315C353.574 425.878 322.654 448 272 448c-2.746 0-13.276-.203-16-.195-61.971.168-76.894-31.065-123.731-38.315C120.596 407.683 112 397.599 112 385.786V214.261l.002-.001c.011-18.366 10.607-35.889 28.464-43.845 28.886-12.994 95.413-49.038 107.534-77.323 7.797-18.194 21.384-29.084 40-29.092 34.222-.014 57.752 35.098 44.119 66.908-3.583 8.359-8.312 16.67-14.153 24.918H467.2c23.45 0 44.8 20.543 44.8 43.826zM96 200v192c0 13.255-10.745 24-24 24H24c-13.255 0-24-10.745-24-24V200c0-13.255 10.745-24 24-24h48c13.255 0 24 10.745 24 24zM68 368c0-11.046-8.954-20-20-20s-20 8.954-20 20 8.954 20 20 20 20-8.954 20-20z\"><\/path><\/svg>\t\t\t<\/span>\n\t\t\t\t\t\t\t\t\t<span class=\"elementor-button-text\">fordern Sie eine kostenlose Beratung und ein Angebot an!<\/span>\n\t\t\t\t\t<\/span>\n\t\t\t\t\t<\/a>\n\t\t\t\t<\/div>\n\t\t\t\t\t\t\t\t<\/div>\n\t\t\t\t<\/div>\n\t\t\t\t\t<\/div>\n\t\t\t\t<\/div>\n\t\t\t\t<\/div>","protected":false},"excerpt":{"rendered":"<p>R\u00f3lam \u00dcdv\u00f6z\u00f6llek! Nagy \u00c1gnes vagyok, az Online Kreat\u00edv Megold\u00e1sok weboldal tulajdonosa \u00e9s k\u00e9sz\u00edt\u0151je. A weboldalak vil\u00e1ga m\u00e1r r\u00e9g\u00f3ta \u00e9rdekel \u2013 hogyan m\u0171k\u00f6dnek, mi\u00e9rt lesz egyikb\u0151l sikeres online jelenl\u00e9t, m\u00e1sikb\u00f3l pedig elveszett lehet\u0151s\u00e9g. Alapos felk\u00e9sz\u00fcl\u00e9s \u00e9s t\u00f6bb szakma elsaj\u00e1t\u00edt\u00e1sa ut\u00e1n d\u00f6nt\u00f6ttem \u00fagy, hogy saj\u00e1t v\u00e1llalkoz\u00e1sk\u00e9nt seg\u00edtem azokat, akik val\u00f3ban ki szeretn\u00e9k hozni a legt\u00f6bbet a weboldalukb\u00f3l. [&hellip;]<\/p>\n","protected":false},"author":1,"featured_media":0,"parent":0,"menu_order":0,"comment_status":"closed","ping_status":"closed","template":"elementor_header_footer","meta":{"_uag_custom_page_level_css":"","site-sidebar-layout":"no-sidebar","site-content-layout":"page-builder","ast-site-content-layout":"full-width-container","site-content-style":"default","site-sidebar-style":"default","ast-global-header-display":"","ast-banner-title-visibility":"","ast-main-header-display":"","ast-hfb-above-header-display":"","ast-hfb-below-header-display":"","ast-hfb-mobile-header-display":"","site-post-title":"disabled","ast-breadcrumbs-content":"","ast-featured-img":"disabled","footer-sml-layout":"","ast-disable-related-posts":"","theme-transparent-header-meta":"default","adv-header-id-meta":"","stick-header-meta":"default","header-above-stick-meta":"","header-main-stick-meta":"","header-below-stick-meta":"","astra-migrate-meta-layouts":"set","ast-page-background-enabled":"default","ast-page-background-meta":{"desktop":{"background-color":"","background-image":"","background-repeat":"repeat","background-position":"center center","background-size":"auto","background-attachment":"scroll","background-type":"","background-media":"","overlay-type":"","overlay-color":"","overlay-opacity":"","overlay-gradient":""},"tablet":{"background-color":"","background-image":"","background-repeat":"repeat","background-position":"center center","background-size":"auto","background-attachment":"scroll","background-type":"","background-media":"","overlay-type":"","overlay-color":"","overlay-opacity":"","overlay-gradient":""},"mobile":{"background-color":"","background-image":"","background-repeat":"repeat","background-position":"center center","background-size":"auto","background-attachment":"scroll","background-type":"","background-media":"","overlay-type":"","overlay-color":"","overlay-opacity":"","overlay-gradient":""}},"ast-content-background-meta":{"desktop":{"background-color":"var(--ast-global-color-5)","background-image":"","background-repeat":"repeat","background-position":"center center","background-size":"auto","background-attachment":"scroll","background-type":"","background-media":"","overlay-type":"","overlay-color":"","overlay-opacity":"","overlay-gradient":""},"tablet":{"background-color":"var(--ast-global-color-5)","background-image":"","background-repeat":"repeat","background-position":"center center","background-size":"auto","background-attachment":"scroll","background-type":"","background-media":"","overlay-type":"","overlay-color":"","overlay-opacity":"","overlay-gradient":""},"mobile":{"background-color":"var(--ast-global-color-5)","background-image":"","background-repeat":"repeat","background-position":"center center","background-size":"auto","background-attachment":"scroll","background-type":"","background-media":"","overlay-type":"","overlay-color":"","overlay-opacity":"","overlay-gradient":""}},"footnotes":""},"class_list":["post-2144","page","type-page","status-publish","hentry"],"yoast_head":"<!-- This site is optimized with the Yoast SEO Premium plugin v27.2 (Yoast SEO v27.2) - https:\/\/yoast.com\/product\/yoast-seo-premium-wordpress\/ -->\n<title>R\u00f3lam - Online Kreat\u00edv Megold\u00e1sok<\/title>\n<meta name=\"robots\" content=\"index, follow, max-snippet:-1, max-image-preview:large, max-video-preview:-1\" \/>\n<link rel=\"canonical\" href=\"https:\/\/onlinemegoldasok.com\/de\/rolam\/\" \/>\n<meta property=\"og:locale\" content=\"de_DE\" \/>\n<meta property=\"og:type\" content=\"article\" \/>\n<meta property=\"og:title\" content=\"R\u00f3lam\" \/>\n<meta property=\"og:description\" content=\"R\u00f3lam \u00dcdv\u00f6z\u00f6llek! Nagy \u00c1gnes vagyok, az Online Kreat\u00edv Megold\u00e1sok weboldal tulajdonosa \u00e9s k\u00e9sz\u00edt\u0151je. A weboldalak vil\u00e1ga m\u00e1r r\u00e9g\u00f3ta \u00e9rdekel \u2013 hogyan m\u0171k\u00f6dnek, mi\u00e9rt lesz egyikb\u0151l sikeres online jelenl\u00e9t, m\u00e1sikb\u00f3l pedig elveszett lehet\u0151s\u00e9g. Alapos felk\u00e9sz\u00fcl\u00e9s \u00e9s t\u00f6bb szakma elsaj\u00e1t\u00edt\u00e1sa ut\u00e1n d\u00f6nt\u00f6ttem \u00fagy, hogy saj\u00e1t v\u00e1llalkoz\u00e1sk\u00e9nt seg\u00edtem azokat, akik val\u00f3ban ki szeretn\u00e9k hozni a legt\u00f6bbet a weboldalukb\u00f3l. [&hellip;]\" \/>\n<meta property=\"og:url\" content=\"https:\/\/onlinemegoldasok.com\/de\/rolam\/\" \/>\n<meta property=\"og:site_name\" content=\"Online Kreat\u00edv Megold\u00e1sok\" \/>\n<meta property=\"article:modified_time\" content=\"2025-10-13T12:54:51+00:00\" \/>\n<meta property=\"og:image\" content=\"https:\/\/onlinemegoldasok.com\/wp-content\/uploads\/2025\/04\/rolunk.webp\" \/>\n\t<meta property=\"og:image:width\" content=\"800\" \/>\n\t<meta property=\"og:image:height\" content=\"1389\" \/>\n\t<meta property=\"og:image:type\" content=\"image\/webp\" \/>\n<meta name=\"twitter:card\" content=\"summary_large_image\" \/>\n<meta name=\"twitter:label1\" content=\"Gesch\u00e4tzte Lesezeit\" \/>\n\t<meta name=\"twitter:data1\" content=\"2\u00a0Minuten\" \/>\n<script type=\"application\/ld+json\" class=\"yoast-schema-graph\">{\"@context\":\"https:\/\/schema.org\",\"@graph\":[{\"@type\":\"WebPage\",\"@id\":\"https:\/\/onlinemegoldasok.com\/rolam\/\",\"url\":\"https:\/\/onlinemegoldasok.com\/rolam\/\",\"name\":\"R\u00f3lam - Online Kreat\u00edv Megold\u00e1sok\",\"isPartOf\":{\"@id\":\"https:\/\/onlinemegoldasok.com\/#website\"},\"primaryImageOfPage\":{\"@id\":\"https:\/\/onlinemegoldasok.com\/rolam\/#primaryimage\"},\"image\":{\"@id\":\"https:\/\/onlinemegoldasok.com\/rolam\/#primaryimage\"},\"thumbnailUrl\":\"https:\/\/onlinemegoldasok.com\/wp-content\/uploads\/2025\/04\/rolunk-590x1024.webp\",\"datePublished\":\"2024-07-01T18:18:54+00:00\",\"dateModified\":\"2025-10-13T12:54:51+00:00\",\"breadcrumb\":{\"@id\":\"https:\/\/onlinemegoldasok.com\/rolam\/#breadcrumb\"},\"inLanguage\":\"de\",\"potentialAction\":[{\"@type\":\"ReadAction\",\"target\":[\"https:\/\/onlinemegoldasok.com\/rolam\/\"]}]},{\"@type\":\"ImageObject\",\"inLanguage\":\"de\",\"@id\":\"https:\/\/onlinemegoldasok.com\/rolam\/#primaryimage\",\"url\":\"https:\/\/onlinemegoldasok.com\/wp-content\/uploads\/2025\/04\/rolunk-590x1024.webp\",\"contentUrl\":\"https:\/\/onlinemegoldasok.com\/wp-content\/uploads\/2025\/04\/rolunk-590x1024.webp\"},{\"@type\":\"BreadcrumbList\",\"@id\":\"https:\/\/onlinemegoldasok.com\/rolam\/#breadcrumb\",\"itemListElement\":[{\"@type\":\"ListItem\",\"position\":1,\"name\":\"Home\",\"item\":\"https:\/\/onlinemegoldasok.com\/\"},{\"@type\":\"ListItem\",\"position\":2,\"name\":\"R\u00f3lam\"}]},{\"@type\":\"WebSite\",\"@id\":\"https:\/\/onlinemegoldasok.com\/#website\",\"url\":\"https:\/\/onlinemegoldasok.com\/\",\"name\":\"Online Kreat\u00edv Megold\u00e1sok\",\"description\":\"Weboldal k\u00e9sz\u00edt\u00e9s, gyors\u00edt\u00e1s, optimaliz\u00e1l\u00e1s - ig\u00e9nyes v\u00e1llalkoz\u00f3knak\",\"potentialAction\":[{\"@type\":\"SearchAction\",\"target\":{\"@type\":\"EntryPoint\",\"urlTemplate\":\"https:\/\/onlinemegoldasok.com\/?s={search_term_string}\"},\"query-input\":{\"@type\":\"PropertyValueSpecification\",\"valueRequired\":true,\"valueName\":\"search_term_string\"}}],\"inLanguage\":\"de\"}]}<\/script>\n<!-- \/ Yoast SEO Premium plugin. -->","yoast_head_json":{"title":"\u00dcber mich - Creative Solutions Online","robots":{"index":"index","follow":"follow","max-snippet":"max-snippet:-1","max-image-preview":"max-image-preview:large","max-video-preview":"max-video-preview:-1"},"canonical":"https:\/\/onlinemegoldasok.com\/de\/rolam\/","og_locale":"de_DE","og_type":"article","og_title":"R\u00f3lam","og_description":"R\u00f3lam \u00dcdv\u00f6z\u00f6llek! Nagy \u00c1gnes vagyok, az Online Kreat\u00edv Megold\u00e1sok weboldal tulajdonosa \u00e9s k\u00e9sz\u00edt\u0151je. A weboldalak vil\u00e1ga m\u00e1r r\u00e9g\u00f3ta \u00e9rdekel \u2013 hogyan m\u0171k\u00f6dnek, mi\u00e9rt lesz egyikb\u0151l sikeres online jelenl\u00e9t, m\u00e1sikb\u00f3l pedig elveszett lehet\u0151s\u00e9g. Alapos felk\u00e9sz\u00fcl\u00e9s \u00e9s t\u00f6bb szakma elsaj\u00e1t\u00edt\u00e1sa ut\u00e1n d\u00f6nt\u00f6ttem \u00fagy, hogy saj\u00e1t v\u00e1llalkoz\u00e1sk\u00e9nt seg\u00edtem azokat, akik val\u00f3ban ki szeretn\u00e9k hozni a legt\u00f6bbet a weboldalukb\u00f3l. [&hellip;]","og_url":"https:\/\/onlinemegoldasok.com\/de\/rolam\/","og_site_name":"Online Kreat\u00edv Megold\u00e1sok","article_modified_time":"2025-10-13T12:54:51+00:00","og_image":[{"width":800,"height":1389,"url":"https:\/\/onlinemegoldasok.com\/wp-content\/uploads\/2025\/04\/rolunk.webp","type":"image\/webp"}],"twitter_card":"summary_large_image","twitter_misc":{"Gesch\u00e4tzte Lesezeit":"2\u00a0Minuten"},"schema":{"@context":"https:\/\/schema.org","@graph":[{"@type":"WebPage","@id":"https:\/\/onlinemegoldasok.com\/rolam\/","url":"https:\/\/onlinemegoldasok.com\/rolam\/","name":"\u00dcber mich - Creative Solutions Online","isPartOf":{"@id":"https:\/\/onlinemegoldasok.com\/#website"},"primaryImageOfPage":{"@id":"https:\/\/onlinemegoldasok.com\/rolam\/#primaryimage"},"image":{"@id":"https:\/\/onlinemegoldasok.com\/rolam\/#primaryimage"},"thumbnailUrl":"https:\/\/onlinemegoldasok.com\/wp-content\/uploads\/2025\/04\/rolunk-590x1024.webp","datePublished":"2024-07-01T18:18:54+00:00","dateModified":"2025-10-13T12:54:51+00:00","breadcrumb":{"@id":"https:\/\/onlinemegoldasok.com\/rolam\/#breadcrumb"},"inLanguage":"de","potentialAction":[{"@type":"ReadAction","target":["https:\/\/onlinemegoldasok.com\/rolam\/"]}]},{"@type":"ImageObject","inLanguage":"de","@id":"https:\/\/onlinemegoldasok.com\/rolam\/#primaryimage","url":"https:\/\/onlinemegoldasok.com\/wp-content\/uploads\/2025\/04\/rolunk-590x1024.webp","contentUrl":"https:\/\/onlinemegoldasok.com\/wp-content\/uploads\/2025\/04\/rolunk-590x1024.webp"},{"@type":"BreadcrumbList","@id":"https:\/\/onlinemegoldasok.com\/rolam\/#breadcrumb","itemListElement":[{"@type":"ListItem","position":1,"name":"Home","item":"https:\/\/onlinemegoldasok.com\/"},{"@type":"ListItem","position":2,"name":"R\u00f3lam"}]},{"@type":"WebSite","@id":"https:\/\/onlinemegoldasok.com\/#website","url":"https:\/\/onlinemegoldasok.com\/","name":"Kreative Online-L\u00f6sungen","description":"Website-Entwicklung, Beschleunigung, Optimierung - f\u00fcr anspruchsvolle Unternehmer","potentialAction":[{"@type":"SearchAction","target":{"@type":"EntryPoint","urlTemplate":"https:\/\/onlinemegoldasok.com\/?s={search_term_string}"},"query-input":{"@type":"PropertyValueSpecification","valueRequired":true,"valueName":"search_term_string"}}],"inLanguage":"de"}]}},"uagb_featured_image_src":{"full":false,"thumbnail":false,"medium":false,"medium_large":false,"large":false,"1536x1536":false,"2048x2048":false,"trp-custom-language-flag":false,"woocommerce_thumbnail":false,"woocommerce_single":false,"woocommerce_gallery_thumbnail":false},"uagb_author_info":{"display_name":"Nagy \u00c1gnes","author_link":"https:\/\/onlinemegoldasok.com\/de\/author\/nagyagnes434\/"},"uagb_comment_info":0,"uagb_excerpt":"R\u00f3lam \u00dcdv\u00f6z\u00f6llek! Nagy \u00c1gnes vagyok, az Online Kreat\u00edv Megold\u00e1sok weboldal tulajdonosa \u00e9s k\u00e9sz\u00edt\u0151je. A weboldalak vil\u00e1ga m\u00e1r r\u00e9g\u00f3ta \u00e9rdekel \u2013 hogyan m\u0171k\u00f6dnek, mi\u00e9rt lesz egyikb\u0151l sikeres online jelenl\u00e9t, m\u00e1sikb\u00f3l pedig elveszett lehet\u0151s\u00e9g. Alapos felk\u00e9sz\u00fcl\u00e9s \u00e9s t\u00f6bb szakma elsaj\u00e1t\u00edt\u00e1sa ut\u00e1n d\u00f6nt\u00f6ttem \u00fagy, hogy saj\u00e1t v\u00e1llalkoz\u00e1sk\u00e9nt seg\u00edtem azokat, akik val\u00f3ban ki szeretn\u00e9k hozni a legt\u00f6bbet a weboldalukb\u00f3l.&hellip;","_links":{"self":[{"href":"https:\/\/onlinemegoldasok.com\/de\/wp-json\/wp\/v2\/pages\/2144","targetHints":{"allow":["GET"]}}],"collection":[{"href":"https:\/\/onlinemegoldasok.com\/de\/wp-json\/wp\/v2\/pages"}],"about":[{"href":"https:\/\/onlinemegoldasok.com\/de\/wp-json\/wp\/v2\/types\/page"}],"author":[{"embeddable":true,"href":"https:\/\/onlinemegoldasok.com\/de\/wp-json\/wp\/v2\/users\/1"}],"replies":[{"embeddable":true,"href":"https:\/\/onlinemegoldasok.com\/de\/wp-json\/wp\/v2\/comments?post=2144"}],"version-history":[{"count":227,"href":"https:\/\/onlinemegoldasok.com\/de\/wp-json\/wp\/v2\/pages\/2144\/revisions"}],"predecessor-version":[{"id":8559,"href":"https:\/\/onlinemegoldasok.com\/de\/wp-json\/wp\/v2\/pages\/2144\/revisions\/8559"}],"wp:attachment":[{"href":"https:\/\/onlinemegoldasok.com\/de\/wp-json\/wp\/v2\/media?parent=2144"}],"curies":[{"name":"wp","href":"https:\/\/api.w.org\/{rel}","templated":true}]}}