{"id":2142,"date":"2024-07-01T20:18:05","date_gmt":"2024-07-01T18:18:05","guid":{"rendered":"https:\/\/onlinemegoldasok.com\/?page_id=2142"},"modified":"2025-10-13T15:08:09","modified_gmt":"2025-10-13T13:08:09","slug":"contact","status":"publish","type":"page","link":"https:\/\/onlinemegoldasok.com\/en\/kapcsolat\/","title":{"rendered":"Contact"},"content":{"rendered":"\t\t<div data-elementor-type=\"wp-page\" data-elementor-id=\"2142\" class=\"elementor elementor-2142\" data-elementor-post-type=\"page\">\n\t\t\t\t<div class=\"elementor-element elementor-element-25f70870 e-flex e-con-boxed e-con e-parent\" data-id=\"25f70870\" data-element_type=\"container\" data-e-type=\"container\" data-settings=\"{&quot;background_background&quot;:&quot;classic&quot;}\">\n\t\t\t\t\t<div class=\"e-con-inner\">\n\t\t\t\t<div class=\"elementor-element elementor-element-6d5c3fb5 elementor-invisible elementor-widget elementor-widget-heading\" data-id=\"6d5c3fb5\" data-element_type=\"widget\" data-e-type=\"widget\" data-settings=\"{&quot;_animation&quot;:&quot;fadeInDown&quot;}\" data-widget_type=\"heading.default\">\n\t\t\t\t<div class=\"elementor-widget-container\">\n\t\t\t\t\t<h1 class=\"elementor-heading-title elementor-size-default\">Kapcsolat<\/h1>\t\t\t\t<\/div>\n\t\t\t\t<\/div>\n\t\t\t\t<div class=\"elementor-element elementor-element-2dbc12a elementor-widget-tablet__width-initial elementor-widget elementor-widget-image\" data-id=\"2dbc12a\" data-element_type=\"widget\" data-e-type=\"widget\" data-widget_type=\"image.default\">\n\t\t\t\t<div class=\"elementor-widget-container\">\n\t\t\t\t\t\t\t\t\t\t\t\t\t\t\t<img fetchpriority=\"high\" decoding=\"async\" width=\"1024\" height=\"576\" src=\"https:\/\/onlinemegoldasok.com\/wp-content\/uploads\/2025\/10\/laptop-koszon_1200-1024x576.webp\" class=\"attachment-large size-large wp-image-8560\" alt=\"\" srcset=\"https:\/\/onlinemegoldasok.com\/wp-content\/uploads\/2025\/10\/laptop-koszon_1200-1024x576.webp 1024w, https:\/\/onlinemegoldasok.com\/wp-content\/uploads\/2025\/10\/laptop-koszon_1200-300x169.webp 300w, https:\/\/onlinemegoldasok.com\/wp-content\/uploads\/2025\/10\/laptop-koszon_1200-768x432.webp 768w, https:\/\/onlinemegoldasok.com\/wp-content\/uploads\/2025\/10\/laptop-koszon_1200-18x10.webp 18w, https:\/\/onlinemegoldasok.com\/wp-content\/uploads\/2025\/10\/laptop-koszon_1200-600x338.webp 600w, https:\/\/onlinemegoldasok.com\/wp-content\/uploads\/2025\/10\/laptop-koszon_1200.webp 1200w\" sizes=\"(max-width: 1024px) 100vw, 1024px\" \/>\t\t\t\t\t\t\t\t\t\t\t\t\t\t\t<\/div>\n\t\t\t\t<\/div>\n\t\t\t\t<div class=\"elementor-element elementor-element-5ce0e3f elementor-invisible elementor-widget elementor-widget-heading\" data-id=\"5ce0e3f\" data-element_type=\"widget\" data-e-type=\"widget\" data-settings=\"{&quot;_animation&quot;:&quot;fadeInLeft&quot;}\" data-widget_type=\"heading.default\">\n\t\t\t\t<div class=\"elementor-widget-container\">\n\t\t\t\t\t<h1 class=\"elementor-heading-title elementor-size-default\">El\u00e9rhet\u0151s\u00e9g:<\/h1>\t\t\t\t<\/div>\n\t\t\t\t<\/div>\n\t\t<div class=\"elementor-element elementor-element-7ce56f6 e-con-full e-flex e-con e-child\" data-id=\"7ce56f6\" data-element_type=\"container\" data-e-type=\"container\" data-settings=\"{&quot;background_background&quot;:&quot;classic&quot;}\">\n\t\t\t\t<div class=\"elementor-element elementor-element-eafb698 elementor-align-start elementor-icon-list--layout-traditional elementor-list-item-link-full_width elementor-widget elementor-widget-icon-list\" data-id=\"eafb698\" data-element_type=\"widget\" data-e-type=\"widget\" data-widget_type=\"icon-list.default\">\n\t\t\t\t<div class=\"elementor-widget-container\">\n\t\t\t\t\t\t\t<ul class=\"elementor-icon-list-items\">\n\t\t\t\t\t\t\t<li class=\"elementor-icon-list-item\">\n\t\t\t\t\t\t\t\t\t\t\t<span class=\"elementor-icon-list-icon\">\n\t\t\t\t\t\t\t<svg aria-hidden=\"true\" class=\"e-font-icon-svg e-far-user\" viewBox=\"0 0 448 512\" xmlns=\"http:\/\/www.w3.org\/2000\/svg\"><path d=\"M313.6 304c-28.7 0-42.5 16-89.6 16-47.1 0-60.8-16-89.6-16C60.2 304 0 364.2 0 438.4V464c0 26.5 21.5 48 48 48h352c26.5 0 48-21.5 48-48v-25.6c0-74.2-60.2-134.4-134.4-134.4zM400 464H48v-25.6c0-47.6 38.8-86.4 86.4-86.4 14.6 0 38.3 16 89.6 16 51.7 0 74.9-16 89.6-16 47.6 0 86.4 38.8 86.4 86.4V464zM224 288c79.5 0 144-64.5 144-144S303.5 0 224 0 80 64.5 80 144s64.5 144 144 144zm0-240c52.9 0 96 43.1 96 96s-43.1 96-96 96-96-43.1-96-96 43.1-96 96-96z\"><\/path><\/svg>\t\t\t\t\t\t<\/span>\n\t\t\t\t\t\t\t\t\t\t<span class=\"elementor-icon-list-text\">Nagy \u00c1gnes, az Online Kreat\u00edv Megold\u00e1sok tulajdonosa<\/span>\n\t\t\t\t\t\t\t\t\t<\/li>\n\t\t\t\t\t\t\t\t<li class=\"elementor-icon-list-item\">\n\t\t\t\t\t\t\t\t\t\t\t<a href=\"tel:+36204618406\" target=\"_blank\">\n\n\t\t\t\t\t\t\t\t\t\t\t\t<span class=\"elementor-icon-list-icon\">\n\t\t\t\t\t\t\t<svg aria-hidden=\"true\" class=\"e-font-icon-svg e-fas-phone-alt\" viewBox=\"0 0 512 512\" xmlns=\"http:\/\/www.w3.org\/2000\/svg\"><path d=\"M497.39 361.8l-112-48a24 24 0 0 0-28 6.9l-49.6 60.6A370.66 370.66 0 0 1 130.6 204.11l60.6-49.6a23.94 23.94 0 0 0 6.9-28l-48-112A24.16 24.16 0 0 0 122.6.61l-104 24A24 24 0 0 0 0 48c0 256.5 207.9 464 464 464a24 24 0 0 0 23.4-18.6l24-104a24.29 24.29 0 0 0-14.01-27.6z\"><\/path><\/svg>\t\t\t\t\t\t<\/span>\n\t\t\t\t\t\t\t\t\t\t<span class=\"elementor-icon-list-text\"> +36204618406<\/span>\n\t\t\t\t\t\t\t\t\t\t\t<\/a>\n\t\t\t\t\t\t\t\t\t<\/li>\n\t\t\t\t\t\t\t\t<li class=\"elementor-icon-list-item\">\n\t\t\t\t\t\t\t\t\t\t\t<a href=\"mailto:info@onlinemegoldasok.com\" target=\"_blank\">\n\n\t\t\t\t\t\t\t\t\t\t\t\t<span class=\"elementor-icon-list-icon\">\n\t\t\t\t\t\t\t<svg aria-hidden=\"true\" class=\"e-font-icon-svg e-far-envelope\" viewBox=\"0 0 512 512\" xmlns=\"http:\/\/www.w3.org\/2000\/svg\"><path d=\"M464 64H48C21.49 64 0 85.49 0 112v288c0 26.51 21.49 48 48 48h416c26.51 0 48-21.49 48-48V112c0-26.51-21.49-48-48-48zm0 48v40.805c-22.422 18.259-58.168 46.651-134.587 106.49-16.841 13.247-50.201 45.072-73.413 44.701-23.208.375-56.579-31.459-73.413-44.701C106.18 199.465 70.425 171.067 48 152.805V112h416zM48 400V214.398c22.914 18.251 55.409 43.862 104.938 82.646 21.857 17.205 60.134 55.186 103.062 54.955 42.717.231 80.509-37.199 103.053-54.947 49.528-38.783 82.032-64.401 104.947-82.653V400H48z\"><\/path><\/svg>\t\t\t\t\t\t<\/span>\n\t\t\t\t\t\t\t\t\t\t<span class=\"elementor-icon-list-text\"> info@onlinemegoldasok.com<\/span>\n\t\t\t\t\t\t\t\t\t\t\t<\/a>\n\t\t\t\t\t\t\t\t\t<\/li>\n\t\t\t\t\t\t\t\t<li class=\"elementor-icon-list-item\">\n\t\t\t\t\t\t\t\t\t\t\t<a href=\"https:\/\/www.facebook.com\/onlinekreativmegoldasok\" target=\"_blank\">\n\n\t\t\t\t\t\t\t\t\t\t\t\t<span class=\"elementor-icon-list-icon\">\n\t\t\t\t\t\t\t<svg aria-hidden=\"true\" class=\"e-font-icon-svg e-fab-facebook-square\" viewBox=\"0 0 448 512\" xmlns=\"http:\/\/www.w3.org\/2000\/svg\"><path d=\"M400 32H48A48 48 0 0 0 0 80v352a48 48 0 0 0 48 48h137.25V327.69h-63V256h63v-54.64c0-62.15 37-96.48 93.67-96.48 27.14 0 55.52 4.84 55.52 4.84v61h-31.27c-30.81 0-40.42 19.12-40.42 38.73V256h68.78l-11 71.69h-57.78V480H400a48 48 0 0 0 48-48V80a48 48 0 0 0-48-48z\"><\/path><\/svg>\t\t\t\t\t\t<\/span>\n\t\t\t\t\t\t\t\t\t\t<span class=\"elementor-icon-list-text\">facebook.com\/OKM<\/span>\n\t\t\t\t\t\t\t\t\t\t\t<\/a>\n\t\t\t\t\t\t\t\t\t<\/li>\n\t\t\t\t\t\t<\/ul>\n\t\t\t\t\t\t<\/div>\n\t\t\t\t<\/div>\n\t\t\t\t<\/div>\n\t\t\t\t<div class=\"elementor-element elementor-element-b58c512 elementor-widget elementor-widget-heading\" data-id=\"b58c512\" data-element_type=\"widget\" data-e-type=\"widget\" data-widget_type=\"heading.default\">\n\t\t\t\t<div class=\"elementor-widget-container\">\n\t\t\t\t\t<h2 class=\"elementor-heading-title elementor-size-default\">Keress bizalommal!<\/h2>\t\t\t\t<\/div>\n\t\t\t\t<\/div>\n\t\t\t\t\t<\/div>\n\t\t\t\t<\/div>\n\t\t<div class=\"elementor-element elementor-element-fd4fa67 e-flex e-con-boxed e-con e-parent\" data-id=\"fd4fa67\" data-element_type=\"container\" data-e-type=\"container\" data-settings=\"{&quot;background_background&quot;:&quot;classic&quot;}\">\n\t\t\t\t\t<div class=\"e-con-inner\">\n\t\t<div class=\"elementor-element elementor-element-787536a e-con-full e-flex e-con e-child\" data-id=\"787536a\" data-element_type=\"container\" data-e-type=\"container\" data-settings=\"{&quot;background_background&quot;:&quot;classic&quot;}\">\n\t\t\t\t<div class=\"elementor-element elementor-element-8a46e01 elementor-widget elementor-widget-heading\" data-id=\"8a46e01\" data-element_type=\"widget\" data-e-type=\"widget\" data-widget_type=\"heading.default\">\n\t\t\t\t<div class=\"elementor-widget-container\">\n\t\t\t\t\t<h2 class=\"elementor-heading-title elementor-size-default\">L\u00e9pj velem kapcsolatba, \u00e9s hozd ki a legt\u00f6bbet a (leend\u0151) weboldaladb\u00f3l:<\/h2>\t\t\t\t<\/div>\n\t\t\t\t<\/div>\n\t\t\t\t<div class=\"elementor-element elementor-element-04131be elementor-mobile-button-align-center elementor-button-align-stretch elementor-widget elementor-widget-form\" data-id=\"04131be\" data-element_type=\"widget\" data-e-type=\"widget\" data-settings=\"{&quot;step_next_label&quot;:&quot;K\\u00f6vetkez\\u0151&quot;,&quot;step_previous_label&quot;:&quot;El\\u0151z\\u0151&quot;,&quot;button_width&quot;:&quot;100&quot;,&quot;step_type&quot;:&quot;number_text&quot;,&quot;step_icon_shape&quot;:&quot;circle&quot;}\" data-widget_type=\"form.default\">\n\t\t\t\t<div class=\"elementor-widget-container\">\n\t\t\t\t\t\t\t<form class=\"elementor-form\" method=\"post\" name=\"\u00daj \u0171rlap\" aria-label=\"\u00daj \u0171rlap\">\n\t\t\t<input type=\"hidden\" name=\"post_id\" value=\"2142\"\/>\n\t\t\t<input type=\"hidden\" name=\"form_id\" value=\"04131be\"\/>\n\t\t\t<input type=\"hidden\" name=\"referer_title\" value=\"Kapcsolat - Online Kreat\u00edv Megold\u00e1sok\" \/>\n\n\t\t\t\t\t\t\t<input type=\"hidden\" name=\"queried_id\" value=\"2142\"\/>\n\t\t\t\n\t\t\t<div class=\"elementor-form-fields-wrapper elementor-labels-above\">\n\t\t\t\t\t\t\t\t<div class=\"elementor-field-type-text elementor-field-group elementor-column elementor-field-group-namekedvenckonyvek elementor-col-100 elementor-field-required\">\n\t\t\t\t\t\t\t\t\t\t\t\t<label for=\"form-field-namekedvenckonyvek\" class=\"elementor-field-label\">\n\t\t\t\t\t\t\t\tHogy sz\u00f3l\u00edthatunk?\t\t\t\t\t\t\t<\/label>\n\t\t\t\t\t\t\t\t\t\t\t\t\t\t<input size=\"1\" type=\"text\" name=\"form_fields[namekedvenckonyvek]\" id=\"form-field-namekedvenckonyvek\" class=\"elementor-field elementor-size-sm  elementor-field-textual\" placeholder=\"N\u00e9v\" required=\"required\">\n\t\t\t\t\t\t\t\t\t\t\t<\/div>\n\t\t\t\t\t\t\t\t<div class=\"elementor-field-type-email elementor-field-group elementor-column elementor-field-group-emailkedvenckonyvek elementor-col-100 elementor-field-required\">\n\t\t\t\t\t\t\t\t\t\t\t\t<label for=\"form-field-emailkedvenckonyvek\" class=\"elementor-field-label\">\n\t\t\t\t\t\t\t\tAdd meg az e-mail c\u00edmed:\t\t\t\t\t\t\t<\/label>\n\t\t\t\t\t\t\t\t\t\t\t\t\t\t<input size=\"1\" type=\"email\" name=\"form_fields[emailkedvenckonyvek]\" id=\"form-field-emailkedvenckonyvek\" class=\"elementor-field elementor-size-sm  elementor-field-textual\" placeholder=\"Email\" required=\"required\">\n\t\t\t\t\t\t\t\t\t\t\t<\/div>\n\t\t\t\t\t\t\t\t<div class=\"elementor-field-type-tel elementor-field-group elementor-column elementor-field-group-field_e83981b elementor-col-100 elementor-field-required\">\n\t\t\t\t\t\t\t\t\t\t\t\t<label for=\"form-field-field_e83981b\" class=\"elementor-field-label\">\n\t\t\t\t\t\t\t\tAdd meg a telefonsz\u00e1mod:\t\t\t\t\t\t\t<\/label>\n\t\t\t\t\t\t\t\t<input size=\"1\" type=\"tel\" name=\"form_fields[field_e83981b]\" id=\"form-field-field_e83981b\" class=\"elementor-field elementor-size-sm  elementor-field-textual\" placeholder=\"Telefon\" required=\"required\" pattern=\"[0-9()#&amp;+*-=.]+\" title=\"Csak a sz\u00e1mok \u00e9s telefonkarakterek (#, -, * stb.) fogadhat\u00f3k el.\">\n\n\t\t\t\t\t\t<\/div>\n\t\t\t\t\t\t\t\t<div class=\"elementor-field-type-text elementor-field-group elementor-column elementor-field-group-field_15a11f8 elementor-col-100\">\n\t\t\t\t\t\t\t\t\t\t\t\t<label for=\"form-field-field_15a11f8\" class=\"elementor-field-label\">\n\t\t\t\t\t\t\t\t\u00cdrj nek\u00fcnk:\t\t\t\t\t\t\t<\/label>\n\t\t\t\t\t\t\t\t\t\t\t\t\t\t<input size=\"1\" type=\"text\" name=\"form_fields[field_15a11f8]\" id=\"form-field-field_15a11f8\" class=\"elementor-field elementor-size-sm  elementor-field-textual\" placeholder=\"\u00dczenet\">\n\t\t\t\t\t\t\t\t\t\t\t<\/div>\n\t\t\t\t\t\t\t\t<div class=\"elementor-field-type-acceptance elementor-field-group elementor-column elementor-field-group-adatkezeleskedvenckonyvek elementor-col-100 elementor-field-required\">\n\t\t\t\t\t\t\t<div class=\"elementor-field-subgroup\">\n\t\t\t<span class=\"elementor-field-option\">\n\t\t\t\t<input type=\"checkbox\" name=\"form_fields[adatkezeleskedvenckonyvek]\" id=\"form-field-adatkezeleskedvenckonyvek\" class=\"elementor-field elementor-size-sm  elementor-acceptance-field\" required=\"required\">\n\t\t\t\t<label for=\"form-field-adatkezeleskedvenckonyvek\">Elfogadom az adatkezel\u00e9si nyilatkozatot<\/label>\t\t\t<\/span>\n\t\t<\/div>\n\t\t\t\t\t\t<\/div>\n\t\t\t\t\t\t\t\t<div class=\"elementor-field-group elementor-column elementor-field-type-submit elementor-col-100 e-form__buttons\">\n\t\t\t\t\t<button class=\"elementor-button elementor-size-sm elementor-animation-grow\" type=\"submit\" id=\"#feliratkozas\">\n\t\t\t\t\t\t<span class=\"elementor-button-content-wrapper\">\n\t\t\t\t\t\t\t\t\t\t\t\t\t\t\t<span class=\"elementor-button-icon\">\n\t\t\t\t\t\t\t\t\t<svg aria-hidden=\"true\" class=\"e-font-icon-svg e-fas-hand-point-right\" viewBox=\"0 0 512 512\" xmlns=\"http:\/\/www.w3.org\/2000\/svg\"><path d=\"M512 199.652c0 23.625-20.65 43.826-44.8 43.826h-99.851c16.34 17.048 18.346 49.766-6.299 70.944 14.288 22.829 2.147 53.017-16.45 62.315C353.574 425.878 322.654 448 272 448c-2.746 0-13.276-.203-16-.195-61.971.168-76.894-31.065-123.731-38.315C120.596 407.683 112 397.599 112 385.786V214.261l.002-.001c.011-18.366 10.607-35.889 28.464-43.845 28.886-12.994 95.413-49.038 107.534-77.323 7.797-18.194 21.384-29.084 40-29.092 34.222-.014 57.752 35.098 44.119 66.908-3.583 8.359-8.312 16.67-14.153 24.918H467.2c23.45 0 44.8 20.543 44.8 43.826zM96 200v192c0 13.255-10.745 24-24 24H24c-13.255 0-24-10.745-24-24V200c0-13.255 10.745-24 24-24h48c13.255 0 24 10.745 24 24zM68 368c0-11.046-8.954-20-20-20s-20 8.954-20 20 8.954 20 20 20 20-8.954 20-20z\"><\/path><\/svg>\t\t\t\t\t\t\t\t\t\t\t\t\t\t\t\t\t<\/span>\n\t\t\t\t\t\t\t\t\t\t\t\t\t\t\t\t\t\t\t\t\t\t<span class=\"elementor-button-text\">Jelentkezem az ingyenes konzult\u00e1ci\u00f3ra!<\/span>\n\t\t\t\t\t\t\t\t\t\t\t\t\t<\/span>\n\t\t\t\t\t<\/button>\n\t\t\t\t<\/div>\n\t\t\t<\/div>\n\t\t<\/form>\n\t\t\t\t\t\t<\/div>\n\t\t\t\t<\/div>\n\t\t\t\t<\/div>\n\t\t\t\t\t<\/div>\n\t\t\t\t<\/div>\n\t\t\t\t<\/div>\n\t\t","protected":false},"excerpt":{"rendered":"<p>Contact \u00c1gnes Nagy, owner of Online Creative Solutions +36204618406 info@onlinemegoldasok.com facebook.com\/OKM Contact us! Contact me and get the most out of your (future) website:<\/p>","protected":false},"author":1,"featured_media":0,"parent":0,"menu_order":0,"comment_status":"closed","ping_status":"closed","template":"elementor_header_footer","meta":{"_uag_custom_page_level_css":"","site-sidebar-layout":"no-sidebar","site-content-layout":"page-builder","ast-site-content-layout":"full-width-container","site-content-style":"default","site-sidebar-style":"default","ast-global-header-display":"","ast-banner-title-visibility":"","ast-main-header-display":"","ast-hfb-above-header-display":"","ast-hfb-below-header-display":"","ast-hfb-mobile-header-display":"","site-post-title":"disabled","ast-breadcrumbs-content":"","ast-featured-img":"disabled","footer-sml-layout":"","ast-disable-related-posts":"","theme-transparent-header-meta":"default","adv-header-id-meta":"","stick-header-meta":"default","header-above-stick-meta":"","header-main-stick-meta":"","header-below-stick-meta":"","astra-migrate-meta-layouts":"set","ast-page-background-enabled":"default","ast-page-background-meta":{"desktop":{"background-color":"","background-image":"","background-repeat":"repeat","background-position":"center center","background-size":"auto","background-attachment":"scroll","background-type":"","background-media":"","overlay-type":"","overlay-color":"","overlay-opacity":"","overlay-gradient":""},"tablet":{"background-color":"","background-image":"","background-repeat":"repeat","background-position":"center center","background-size":"auto","background-attachment":"scroll","background-type":"","background-media":"","overlay-type":"","overlay-color":"","overlay-opacity":"","overlay-gradient":""},"mobile":{"background-color":"","background-image":"","background-repeat":"repeat","background-position":"center center","background-size":"auto","background-attachment":"scroll","background-type":"","background-media":"","overlay-type":"","overlay-color":"","overlay-opacity":"","overlay-gradient":""}},"ast-content-background-meta":{"desktop":{"background-color":"var(--ast-global-color-5)","background-image":"","background-repeat":"repeat","background-position":"center center","background-size":"auto","background-attachment":"scroll","background-type":"","background-media":"","overlay-type":"","overlay-color":"","overlay-opacity":"","overlay-gradient":""},"tablet":{"background-color":"var(--ast-global-color-5)","background-image":"","background-repeat":"repeat","background-position":"center center","background-size":"auto","background-attachment":"scroll","background-type":"","background-media":"","overlay-type":"","overlay-color":"","overlay-opacity":"","overlay-gradient":""},"mobile":{"background-color":"var(--ast-global-color-5)","background-image":"","background-repeat":"repeat","background-position":"center center","background-size":"auto","background-attachment":"scroll","background-type":"","background-media":"","overlay-type":"","overlay-color":"","overlay-opacity":"","overlay-gradient":""}},"footnotes":""},"class_list":["post-2142","page","type-page","status-publish","hentry"],"yoast_head":"<!-- This site is optimized with the Yoast SEO Premium plugin v27.2 (Yoast SEO v27.2) - https:\/\/yoast.com\/product\/yoast-seo-premium-wordpress\/ -->\n<title>Kapcsolat - Online Kreat\u00edv Megold\u00e1sok<\/title>\n<meta name=\"robots\" content=\"index, follow, max-snippet:-1, max-image-preview:large, max-video-preview:-1\" \/>\n<link rel=\"canonical\" href=\"https:\/\/onlinemegoldasok.com\/en\/contact\/\" \/>\n<meta property=\"og:locale\" content=\"en_GB\" \/>\n<meta property=\"og:type\" content=\"article\" \/>\n<meta property=\"og:title\" content=\"Kapcsolat\" \/>\n<meta property=\"og:description\" content=\"Kapcsolat El\u00e9rhet\u0151s\u00e9g: Nagy \u00c1gnes, az Online Kreat\u00edv Megold\u00e1sok tulajdonosa +36204618406 info@onlinemegoldasok.com facebook.com\/OKM Keress bizalommal! L\u00e9pj velem kapcsolatba, \u00e9s hozd ki a legt\u00f6bbet a (leend\u0151) weboldaladb\u00f3l:\" \/>\n<meta property=\"og:url\" content=\"https:\/\/onlinemegoldasok.com\/en\/contact\/\" \/>\n<meta property=\"og:site_name\" content=\"Online Kreat\u00edv Megold\u00e1sok\" \/>\n<meta property=\"article:modified_time\" content=\"2025-10-13T13:08:09+00:00\" \/>\n<meta property=\"og:image\" content=\"https:\/\/onlinemegoldasok.com\/wp-content\/uploads\/2025\/10\/laptop-koszon_1200-1024x576.webp\" \/>\n<meta name=\"twitter:card\" content=\"summary_large_image\" \/>\n<meta name=\"twitter:label1\" content=\"Estimated reading time\" \/>\n\t<meta name=\"twitter:data1\" content=\"1 minute\" \/>\n<script type=\"application\/ld+json\" class=\"yoast-schema-graph\">{\"@context\":\"https:\/\/schema.org\",\"@graph\":[{\"@type\":\"WebPage\",\"@id\":\"https:\/\/onlinemegoldasok.com\/kapcsolat\/\",\"url\":\"https:\/\/onlinemegoldasok.com\/kapcsolat\/\",\"name\":\"Kapcsolat - Online Kreat\u00edv Megold\u00e1sok\",\"isPartOf\":{\"@id\":\"https:\/\/onlinemegoldasok.com\/#website\"},\"primaryImageOfPage\":{\"@id\":\"https:\/\/onlinemegoldasok.com\/kapcsolat\/#primaryimage\"},\"image\":{\"@id\":\"https:\/\/onlinemegoldasok.com\/kapcsolat\/#primaryimage\"},\"thumbnailUrl\":\"https:\/\/onlinemegoldasok.com\/wp-content\/uploads\/2025\/10\/laptop-koszon_1200-1024x576.webp\",\"datePublished\":\"2024-07-01T18:18:05+00:00\",\"dateModified\":\"2025-10-13T13:08:09+00:00\",\"breadcrumb\":{\"@id\":\"https:\/\/onlinemegoldasok.com\/kapcsolat\/#breadcrumb\"},\"inLanguage\":\"en-GB\",\"potentialAction\":[{\"@type\":\"ReadAction\",\"target\":[\"https:\/\/onlinemegoldasok.com\/kapcsolat\/\"]}]},{\"@type\":\"ImageObject\",\"inLanguage\":\"en-GB\",\"@id\":\"https:\/\/onlinemegoldasok.com\/kapcsolat\/#primaryimage\",\"url\":\"https:\/\/onlinemegoldasok.com\/wp-content\/uploads\/2025\/10\/laptop-koszon_1200-1024x576.webp\",\"contentUrl\":\"https:\/\/onlinemegoldasok.com\/wp-content\/uploads\/2025\/10\/laptop-koszon_1200-1024x576.webp\"},{\"@type\":\"BreadcrumbList\",\"@id\":\"https:\/\/onlinemegoldasok.com\/kapcsolat\/#breadcrumb\",\"itemListElement\":[{\"@type\":\"ListItem\",\"position\":1,\"name\":\"Home\",\"item\":\"https:\/\/onlinemegoldasok.com\/\"},{\"@type\":\"ListItem\",\"position\":2,\"name\":\"Kapcsolat\"}]},{\"@type\":\"WebSite\",\"@id\":\"https:\/\/onlinemegoldasok.com\/#website\",\"url\":\"https:\/\/onlinemegoldasok.com\/\",\"name\":\"Online Kreat\u00edv Megold\u00e1sok\",\"description\":\"Weboldal k\u00e9sz\u00edt\u00e9s, gyors\u00edt\u00e1s, optimaliz\u00e1l\u00e1s - ig\u00e9nyes v\u00e1llalkoz\u00f3knak\",\"potentialAction\":[{\"@type\":\"SearchAction\",\"target\":{\"@type\":\"EntryPoint\",\"urlTemplate\":\"https:\/\/onlinemegoldasok.com\/?s={search_term_string}\"},\"query-input\":{\"@type\":\"PropertyValueSpecification\",\"valueRequired\":true,\"valueName\":\"search_term_string\"}}],\"inLanguage\":\"en-GB\"}]}<\/script>\n<!-- \/ Yoast SEO Premium plugin. -->","yoast_head_json":{"title":"Contact - Online Creative Solutions","robots":{"index":"index","follow":"follow","max-snippet":"max-snippet:-1","max-image-preview":"max-image-preview:large","max-video-preview":"max-video-preview:-1"},"canonical":"https:\/\/onlinemegoldasok.com\/en\/contact\/","og_locale":"en_GB","og_type":"article","og_title":"Kapcsolat","og_description":"Kapcsolat El\u00e9rhet\u0151s\u00e9g: Nagy \u00c1gnes, az Online Kreat\u00edv Megold\u00e1sok tulajdonosa +36204618406 info@onlinemegoldasok.com facebook.com\/OKM Keress bizalommal! L\u00e9pj velem kapcsolatba, \u00e9s hozd ki a legt\u00f6bbet a (leend\u0151) weboldaladb\u00f3l:","og_url":"https:\/\/onlinemegoldasok.com\/en\/contact\/","og_site_name":"Online Kreat\u00edv Megold\u00e1sok","article_modified_time":"2025-10-13T13:08:09+00:00","og_image":[{"url":"https:\/\/onlinemegoldasok.com\/wp-content\/uploads\/2025\/10\/laptop-koszon_1200-1024x576.webp","type":"","width":"","height":""}],"twitter_card":"summary_large_image","twitter_misc":{"Estimated reading time":"1 minute"},"schema":{"@context":"https:\/\/schema.org","@graph":[{"@type":"WebPage","@id":"https:\/\/onlinemegoldasok.com\/kapcsolat\/","url":"https:\/\/onlinemegoldasok.com\/kapcsolat\/","name":"Contact - Online Creative Solutions","isPartOf":{"@id":"https:\/\/onlinemegoldasok.com\/#website"},"primaryImageOfPage":{"@id":"https:\/\/onlinemegoldasok.com\/kapcsolat\/#primaryimage"},"image":{"@id":"https:\/\/onlinemegoldasok.com\/kapcsolat\/#primaryimage"},"thumbnailUrl":"https:\/\/onlinemegoldasok.com\/wp-content\/uploads\/2025\/10\/laptop-koszon_1200-1024x576.webp","datePublished":"2024-07-01T18:18:05+00:00","dateModified":"2025-10-13T13:08:09+00:00","breadcrumb":{"@id":"https:\/\/onlinemegoldasok.com\/kapcsolat\/#breadcrumb"},"inLanguage":"en-GB","potentialAction":[{"@type":"ReadAction","target":["https:\/\/onlinemegoldasok.com\/kapcsolat\/"]}]},{"@type":"ImageObject","inLanguage":"en-GB","@id":"https:\/\/onlinemegoldasok.com\/kapcsolat\/#primaryimage","url":"https:\/\/onlinemegoldasok.com\/wp-content\/uploads\/2025\/10\/laptop-koszon_1200-1024x576.webp","contentUrl":"https:\/\/onlinemegoldasok.com\/wp-content\/uploads\/2025\/10\/laptop-koszon_1200-1024x576.webp"},{"@type":"BreadcrumbList","@id":"https:\/\/onlinemegoldasok.com\/kapcsolat\/#breadcrumb","itemListElement":[{"@type":"ListItem","position":1,"name":"Home","item":"https:\/\/onlinemegoldasok.com\/"},{"@type":"ListItem","position":2,"name":"Kapcsolat"}]},{"@type":"WebSite","@id":"https:\/\/onlinemegoldasok.com\/#website","url":"https:\/\/onlinemegoldasok.com\/","name":"Online Creative Solutions","description":"Website development, acceleration, optimization - for demanding entrepreneurs","potentialAction":[{"@type":"SearchAction","target":{"@type":"EntryPoint","urlTemplate":"https:\/\/onlinemegoldasok.com\/?s={search_term_string}"},"query-input":{"@type":"PropertyValueSpecification","valueRequired":true,"valueName":"search_term_string"}}],"inLanguage":"en-GB"}]}},"uagb_featured_image_src":{"full":false,"thumbnail":false,"medium":false,"medium_large":false,"large":false,"1536x1536":false,"2048x2048":false,"trp-custom-language-flag":false,"woocommerce_thumbnail":false,"woocommerce_single":false,"woocommerce_gallery_thumbnail":false},"uagb_author_info":{"display_name":"Nagy \u00c1gnes","author_link":"https:\/\/onlinemegoldasok.com\/en\/author\/nagyagnes434\/"},"uagb_comment_info":0,"uagb_excerpt":"Kapcsolat El\u00e9rhet\u0151s\u00e9g: Nagy \u00c1gnes, az Online Kreat\u00edv Megold\u00e1sok tulajdonosa +36204618406 info@onlinemegoldasok.com facebook.com\/OKM Keress bizalommal! L\u00e9pj velem kapcsolatba, \u00e9s hozd ki a legt\u00f6bbet a (leend\u0151) weboldaladb\u00f3l:","_links":{"self":[{"href":"https:\/\/onlinemegoldasok.com\/en\/wp-json\/wp\/v2\/pages\/2142","targetHints":{"allow":["GET"]}}],"collection":[{"href":"https:\/\/onlinemegoldasok.com\/en\/wp-json\/wp\/v2\/pages"}],"about":[{"href":"https:\/\/onlinemegoldasok.com\/en\/wp-json\/wp\/v2\/types\/page"}],"author":[{"embeddable":true,"href":"https:\/\/onlinemegoldasok.com\/en\/wp-json\/wp\/v2\/users\/1"}],"replies":[{"embeddable":true,"href":"https:\/\/onlinemegoldasok.com\/en\/wp-json\/wp\/v2\/comments?post=2142"}],"version-history":[{"count":132,"href":"https:\/\/onlinemegoldasok.com\/en\/wp-json\/wp\/v2\/pages\/2142\/revisions"}],"predecessor-version":[{"id":8568,"href":"https:\/\/onlinemegoldasok.com\/en\/wp-json\/wp\/v2\/pages\/2142\/revisions\/8568"}],"wp:attachment":[{"href":"https:\/\/onlinemegoldasok.com\/en\/wp-json\/wp\/v2\/media?parent=2142"}],"curies":[{"name":"wp","href":"https:\/\/api.w.org\/{rel}","templated":true}]}}