{"id":3131,"date":"2024-12-02T18:03:45","date_gmt":"2024-12-02T17:03:45","guid":{"rendered":"https:\/\/onlinemegoldasok.com\/?page_id=3131"},"modified":"2025-05-20T14:26:50","modified_gmt":"2025-05-20T12:26:50","slug":"masthead","status":"publish","type":"page","link":"https:\/\/onlinemegoldasok.com\/en\/impresszum\/","title":{"rendered":"masthead"},"content":{"rendered":"<div data-elementor-type=\"wp-page\" data-elementor-id=\"3131\" class=\"elementor elementor-3131\" data-elementor-post-type=\"page\">\n\t\t\t\t<div class=\"elementor-element elementor-element-17ff6bf4 e-flex e-con-boxed e-con e-parent\" data-id=\"17ff6bf4\" data-element_type=\"container\" data-e-type=\"container\" data-settings=\"{&quot;background_background&quot;:&quot;classic&quot;}\">\n\t\t\t\t\t<div class=\"e-con-inner\">\n\t\t\t\t<div class=\"elementor-element elementor-element-78a9193b elementor-widget elementor-widget-text-editor\" data-id=\"78a9193b\" data-element_type=\"widget\" data-e-type=\"widget\" data-widget_type=\"text-editor.default\">\n\t\t\t\t<div class=\"elementor-widget-container\">\n\t\t\t\t\t\t\t\t\t<p><strong>Imprint for webshops<\/strong><\/p><p>\u00a0<\/p><p>Operator name: Nagy \u00c1gnes E.V.<\/p><p>Operator's representative: \u00c1gnes Nagy<\/p><p>Registered office: 3263. Domoszl\u00f3, Batthy\u00e1ny Lajos utca 3.<\/p><p>Tel: 20\/4618406<\/p><p>E-mail:\u00a0<a href=\"mailto:info@onlinemegoldasok.com\">info@onlinemegoldasok.com<\/a><\/p><p>Tax number: _________________<\/p><p>The hosting provider is Hostinger International Ltd.<\/p><p>Address of the hosting provider: 61 Lordou Vironos Street, 6023 Larnaca, Cyprus<\/p><p>The email address of the hosting provider:\u00a0<a href=\"mailto:gdpr@hostinger.com\">gdpr@hostinger.com<\/a><\/p><p>The hosting provider's website is https:\/\/www.hostinger.com.<\/p>\t\t\t\t\t\t\t\t<\/div>\n\t\t\t\t<\/div>\n\t\t\t\t\t<\/div>\n\t\t\t\t<\/div>\n\t\t\t\t<\/div>","protected":false},"excerpt":{"rendered":"<p>Imprint for webshops Operator name: Nagy \u00c1gnes E.V. Operator's representative: Nagy \u00c1gnes Registered office: 3263 Domoszl\u00f3, Batthy\u00e1ny Lajos utca 3 Tel: 20\/4618406 E-mail: info@onlinemegoldasok.com Tax number: _________________ Hosting provider name: Hostinger International Ltd Hosting provider address: 61 Lordou Vironos Street, 6023 Larnaca, Cyprus Hosting provider e-mail address: gdpr@hostinger.com Hosting provider website: https:\/\/www.hostinger.com.<\/p>","protected":false},"author":1,"featured_media":0,"parent":0,"menu_order":0,"comment_status":"closed","ping_status":"closed","template":"elementor_header_footer","meta":{"_uag_custom_page_level_css":"","site-sidebar-layout":"no-sidebar","site-content-layout":"","ast-site-content-layout":"full-width-container","site-content-style":"default","site-sidebar-style":"default","ast-global-header-display":"","ast-banner-title-visibility":"","ast-main-header-display":"","ast-hfb-above-header-display":"","ast-hfb-below-header-display":"","ast-hfb-mobile-header-display":"","site-post-title":"","ast-breadcrumbs-content":"","ast-featured-img":"","footer-sml-layout":"","ast-disable-related-posts":"","theme-transparent-header-meta":"default","adv-header-id-meta":"","stick-header-meta":"default","header-above-stick-meta":"","header-main-stick-meta":"","header-below-stick-meta":"","astra-migrate-meta-layouts":"set","ast-page-background-enabled":"default","ast-page-background-meta":{"desktop":{"background-color":"","background-image":"","background-repeat":"repeat","background-position":"center center","background-size":"auto","background-attachment":"scroll","background-type":"","background-media":"","overlay-type":"","overlay-color":"","overlay-opacity":"","overlay-gradient":""},"tablet":{"background-color":"","background-image":"","background-repeat":"repeat","background-position":"center center","background-size":"auto","background-attachment":"scroll","background-type":"","background-media":"","overlay-type":"","overlay-color":"","overlay-opacity":"","overlay-gradient":""},"mobile":{"background-color":"","background-image":"","background-repeat":"repeat","background-position":"center center","background-size":"auto","background-attachment":"scroll","background-type":"","background-media":"","overlay-type":"","overlay-color":"","overlay-opacity":"","overlay-gradient":""}},"ast-content-background-meta":{"desktop":{"background-color":"var(--ast-global-color-5)","background-image":"","background-repeat":"repeat","background-position":"center center","background-size":"auto","background-attachment":"scroll","background-type":"","background-media":"","overlay-type":"","overlay-color":"","overlay-opacity":"","overlay-gradient":""},"tablet":{"background-color":"var(--ast-global-color-5)","background-image":"","background-repeat":"repeat","background-position":"center center","background-size":"auto","background-attachment":"scroll","background-type":"","background-media":"","overlay-type":"","overlay-color":"","overlay-opacity":"","overlay-gradient":""},"mobile":{"background-color":"var(--ast-global-color-5)","background-image":"","background-repeat":"repeat","background-position":"center center","background-size":"auto","background-attachment":"scroll","background-type":"","background-media":"","overlay-type":"","overlay-color":"","overlay-opacity":"","overlay-gradient":""}},"footnotes":""},"class_list":["post-3131","page","type-page","status-publish","hentry"],"yoast_head":"<!-- This site is optimized with the Yoast SEO Premium plugin v27.2 (Yoast SEO v27.2) - https:\/\/yoast.com\/product\/yoast-seo-premium-wordpress\/ -->\n<title>Impresszum - Online Kreat\u00edv Megold\u00e1sok<\/title>\n<meta name=\"robots\" content=\"index, follow, max-snippet:-1, max-image-preview:large, max-video-preview:-1\" \/>\n<link rel=\"canonical\" href=\"https:\/\/onlinemegoldasok.com\/en\/masthead\/\" \/>\n<meta property=\"og:locale\" content=\"en_GB\" \/>\n<meta property=\"og:type\" content=\"article\" \/>\n<meta property=\"og:title\" content=\"Impresszum\" \/>\n<meta property=\"og:description\" content=\"Impresszum webshopokhoz \u00a0 \u00dczemeltet\u0151 neve:\u00a0Nagy \u00c1gnes E.V. \u00dczemeltet\u0151 k\u00e9pvisel\u0151je: Nagy \u00c1gnes Sz\u00e9khely:\u00a03263. Domoszl\u00f3, Batthy\u00e1ny Lajos utca 3. Tel:\u00a020\/4618406 E-mail:\u00a0info@onlinemegoldasok.com Ad\u00f3sz\u00e1m:\u00a0_________________ A t\u00e1rhely-szolg\u00e1ltat\u00f3 neve:\u00a0Hostinger International Ltd. A t\u00e1rhely-szolg\u00e1ltat\u00f3 c\u00edme:\u00a061 Lordou Vironos Street, 6023 Larnaca, Cyprus A t\u00e1rhely-szolg\u00e1ltat\u00f3 e-mail c\u00edme:\u00a0gdpr@hostinger.com A t\u00e1rhely-szolg\u00e1ltat\u00f3 weboldala: https:\/\/www.hostinger.com.\" \/>\n<meta property=\"og:url\" content=\"https:\/\/onlinemegoldasok.com\/en\/masthead\/\" \/>\n<meta property=\"og:site_name\" content=\"Online Kreat\u00edv Megold\u00e1sok\" \/>\n<meta property=\"article:modified_time\" content=\"2025-05-20T12:26:50+00:00\" \/>\n<meta name=\"twitter:card\" content=\"summary_large_image\" \/>\n<meta name=\"twitter:label1\" content=\"Estimated reading time\" \/>\n\t<meta name=\"twitter:data1\" content=\"1 minute\" \/>\n<script type=\"application\/ld+json\" class=\"yoast-schema-graph\">{\"@context\":\"https:\/\/schema.org\",\"@graph\":[{\"@type\":\"WebPage\",\"@id\":\"https:\/\/onlinemegoldasok.com\/impresszum\/\",\"url\":\"https:\/\/onlinemegoldasok.com\/impresszum\/\",\"name\":\"Impresszum - Online Kreat\u00edv Megold\u00e1sok\",\"isPartOf\":{\"@id\":\"https:\/\/onlinemegoldasok.com\/#website\"},\"datePublished\":\"2024-12-02T17:03:45+00:00\",\"dateModified\":\"2025-05-20T12:26:50+00:00\",\"breadcrumb\":{\"@id\":\"https:\/\/onlinemegoldasok.com\/impresszum\/#breadcrumb\"},\"inLanguage\":\"en-GB\",\"potentialAction\":[{\"@type\":\"ReadAction\",\"target\":[\"https:\/\/onlinemegoldasok.com\/impresszum\/\"]}]},{\"@type\":\"BreadcrumbList\",\"@id\":\"https:\/\/onlinemegoldasok.com\/impresszum\/#breadcrumb\",\"itemListElement\":[{\"@type\":\"ListItem\",\"position\":1,\"name\":\"Home\",\"item\":\"https:\/\/onlinemegoldasok.com\/\"},{\"@type\":\"ListItem\",\"position\":2,\"name\":\"Impresszum\"}]},{\"@type\":\"WebSite\",\"@id\":\"https:\/\/onlinemegoldasok.com\/#website\",\"url\":\"https:\/\/onlinemegoldasok.com\/\",\"name\":\"Online Kreat\u00edv Megold\u00e1sok\",\"description\":\"Weboldal k\u00e9sz\u00edt\u00e9s, gyors\u00edt\u00e1s, optimaliz\u00e1l\u00e1s - ig\u00e9nyes v\u00e1llalkoz\u00f3knak\",\"potentialAction\":[{\"@type\":\"SearchAction\",\"target\":{\"@type\":\"EntryPoint\",\"urlTemplate\":\"https:\/\/onlinemegoldasok.com\/?s={search_term_string}\"},\"query-input\":{\"@type\":\"PropertyValueSpecification\",\"valueRequired\":true,\"valueName\":\"search_term_string\"}}],\"inLanguage\":\"en-GB\"}]}<\/script>\n<!-- \/ Yoast SEO Premium plugin. -->","yoast_head_json":{"title":"Imprint - Online Creative Solutions","robots":{"index":"index","follow":"follow","max-snippet":"max-snippet:-1","max-image-preview":"max-image-preview:large","max-video-preview":"max-video-preview:-1"},"canonical":"https:\/\/onlinemegoldasok.com\/en\/masthead\/","og_locale":"en_GB","og_type":"article","og_title":"Impresszum","og_description":"Impresszum webshopokhoz \u00a0 \u00dczemeltet\u0151 neve:\u00a0Nagy \u00c1gnes E.V. \u00dczemeltet\u0151 k\u00e9pvisel\u0151je: Nagy \u00c1gnes Sz\u00e9khely:\u00a03263. Domoszl\u00f3, Batthy\u00e1ny Lajos utca 3. Tel:\u00a020\/4618406 E-mail:\u00a0info@onlinemegoldasok.com Ad\u00f3sz\u00e1m:\u00a0_________________ A t\u00e1rhely-szolg\u00e1ltat\u00f3 neve:\u00a0Hostinger International Ltd. A t\u00e1rhely-szolg\u00e1ltat\u00f3 c\u00edme:\u00a061 Lordou Vironos Street, 6023 Larnaca, Cyprus A t\u00e1rhely-szolg\u00e1ltat\u00f3 e-mail c\u00edme:\u00a0gdpr@hostinger.com A t\u00e1rhely-szolg\u00e1ltat\u00f3 weboldala: https:\/\/www.hostinger.com.","og_url":"https:\/\/onlinemegoldasok.com\/en\/masthead\/","og_site_name":"Online Kreat\u00edv Megold\u00e1sok","article_modified_time":"2025-05-20T12:26:50+00:00","twitter_card":"summary_large_image","twitter_misc":{"Estimated reading time":"1 minute"},"schema":{"@context":"https:\/\/schema.org","@graph":[{"@type":"WebPage","@id":"https:\/\/onlinemegoldasok.com\/impresszum\/","url":"https:\/\/onlinemegoldasok.com\/impresszum\/","name":"Imprint - Online Creative Solutions","isPartOf":{"@id":"https:\/\/onlinemegoldasok.com\/#website"},"datePublished":"2024-12-02T17:03:45+00:00","dateModified":"2025-05-20T12:26:50+00:00","breadcrumb":{"@id":"https:\/\/onlinemegoldasok.com\/impresszum\/#breadcrumb"},"inLanguage":"en-GB","potentialAction":[{"@type":"ReadAction","target":["https:\/\/onlinemegoldasok.com\/impresszum\/"]}]},{"@type":"BreadcrumbList","@id":"https:\/\/onlinemegoldasok.com\/impresszum\/#breadcrumb","itemListElement":[{"@type":"ListItem","position":1,"name":"Home","item":"https:\/\/onlinemegoldasok.com\/"},{"@type":"ListItem","position":2,"name":"Impresszum"}]},{"@type":"WebSite","@id":"https:\/\/onlinemegoldasok.com\/#website","url":"https:\/\/onlinemegoldasok.com\/","name":"Online Creative Solutions","description":"Website development, acceleration, optimization - for demanding entrepreneurs","potentialAction":[{"@type":"SearchAction","target":{"@type":"EntryPoint","urlTemplate":"https:\/\/onlinemegoldasok.com\/?s={search_term_string}"},"query-input":{"@type":"PropertyValueSpecification","valueRequired":true,"valueName":"search_term_string"}}],"inLanguage":"en-GB"}]}},"uagb_featured_image_src":{"full":false,"thumbnail":false,"medium":false,"medium_large":false,"large":false,"1536x1536":false,"2048x2048":false,"trp-custom-language-flag":false,"woocommerce_thumbnail":false,"woocommerce_single":false,"woocommerce_gallery_thumbnail":false},"uagb_author_info":{"display_name":"Nagy \u00c1gnes","author_link":"https:\/\/onlinemegoldasok.com\/en\/author\/nagyagnes434\/"},"uagb_comment_info":0,"uagb_excerpt":"Impresszum webshopokhoz \u00a0 \u00dczemeltet\u0151 neve:\u00a0Nagy \u00c1gnes E.V. \u00dczemeltet\u0151 k\u00e9pvisel\u0151je: Nagy \u00c1gnes Sz\u00e9khely:\u00a03263. Domoszl\u00f3, Batthy\u00e1ny Lajos utca 3. Tel:\u00a020\/4618406 E-mail:\u00a0info@onlinemegoldasok.com Ad\u00f3sz\u00e1m:\u00a0_________________ A t\u00e1rhely-szolg\u00e1ltat\u00f3 neve:\u00a0Hostinger International Ltd. A t\u00e1rhely-szolg\u00e1ltat\u00f3 c\u00edme:\u00a061 Lordou Vironos Street, 6023 Larnaca, Cyprus A t\u00e1rhely-szolg\u00e1ltat\u00f3 e-mail c\u00edme:\u00a0gdpr@hostinger.com A t\u00e1rhely-szolg\u00e1ltat\u00f3 weboldala: https:\/\/www.hostinger.com.","_links":{"self":[{"href":"https:\/\/onlinemegoldasok.com\/en\/wp-json\/wp\/v2\/pages\/3131","targetHints":{"allow":["GET"]}}],"collection":[{"href":"https:\/\/onlinemegoldasok.com\/en\/wp-json\/wp\/v2\/pages"}],"about":[{"href":"https:\/\/onlinemegoldasok.com\/en\/wp-json\/wp\/v2\/types\/page"}],"author":[{"embeddable":true,"href":"https:\/\/onlinemegoldasok.com\/en\/wp-json\/wp\/v2\/users\/1"}],"replies":[{"embeddable":true,"href":"https:\/\/onlinemegoldasok.com\/en\/wp-json\/wp\/v2\/comments?post=3131"}],"version-history":[{"count":11,"href":"https:\/\/onlinemegoldasok.com\/en\/wp-json\/wp\/v2\/pages\/3131\/revisions"}],"predecessor-version":[{"id":6886,"href":"https:\/\/onlinemegoldasok.com\/en\/wp-json\/wp\/v2\/pages\/3131\/revisions\/6886"}],"wp:attachment":[{"href":"https:\/\/onlinemegoldasok.com\/en\/wp-json\/wp\/v2\/media?parent=3131"}],"curies":[{"name":"wp","href":"https:\/\/api.w.org\/{rel}","templated":true}]}}