{"id":5244,"date":"2025-04-01T19:38:16","date_gmt":"2025-04-01T17:38:16","guid":{"rendered":"https:\/\/onlinemegoldasok.com\/?page_id=5244"},"modified":"2025-10-12T12:53:58","modified_gmt":"2025-10-12T10:53:58","slug":"portfolio","status":"publish","type":"page","link":"https:\/\/onlinemegoldasok.com\/en\/portfolio\/","title":{"rendered":"Portfolio"},"content":{"rendered":"<div data-elementor-type=\"wp-page\" data-elementor-id=\"5244\" class=\"elementor elementor-5244\" data-elementor-post-type=\"page\">\n\t\t\t\t<div class=\"elementor-element elementor-element-1132a32 e-flex e-con-boxed e-con e-parent\" data-id=\"1132a32\" data-element_type=\"container\" data-e-type=\"container\" data-settings=\"{&quot;background_background&quot;:&quot;gradient&quot;}\">\n\t\t\t\t\t<div class=\"e-con-inner\">\n\t\t\t\t<div class=\"elementor-element elementor-element-43a9ee2 elementor-invisible elementor-widget elementor-widget-heading\" data-id=\"43a9ee2\" data-element_type=\"widget\" data-e-type=\"widget\" data-settings=\"{&quot;_animation&quot;:&quot;fadeInDown&quot;}\" data-widget_type=\"heading.default\">\n\t\t\t\t<div class=\"elementor-widget-container\">\n\t\t\t\t\t<h2 class=\"elementor-heading-title elementor-size-default\">From my work:<\/h2>\t\t\t\t<\/div>\n\t\t\t\t<\/div>\n\t\t\t\t<div class=\"elementor-element elementor-element-5e0977d elementor-widget-tablet__width-initial elementor-widget elementor-widget-image\" data-id=\"5e0977d\" data-element_type=\"widget\" data-e-type=\"widget\" data-widget_type=\"image.default\">\n\t\t\t\t<div class=\"elementor-widget-container\">\n\t\t\t\t\t\t\t\t\t\t\t\t\t\t\t<img fetchpriority=\"high\" decoding=\"async\" width=\"1024\" height=\"893\" src=\"https:\/\/onlinemegoldasok.com\/wp-content\/uploads\/2025\/10\/Gyors-OKM-1024x893.webp\" class=\"attachment-large size-large wp-image-7443\" alt=\"\" srcset=\"https:\/\/onlinemegoldasok.com\/wp-content\/uploads\/2025\/10\/Gyors-OKM-1024x893.webp 1024w, https:\/\/onlinemegoldasok.com\/wp-content\/uploads\/2025\/10\/Gyors-OKM-300x262.webp 300w, https:\/\/onlinemegoldasok.com\/wp-content\/uploads\/2025\/10\/Gyors-OKM-768x670.webp 768w, https:\/\/onlinemegoldasok.com\/wp-content\/uploads\/2025\/10\/Gyors-OKM-14x12.webp 14w, https:\/\/onlinemegoldasok.com\/wp-content\/uploads\/2025\/10\/Gyors-OKM-600x524.webp 600w, https:\/\/onlinemegoldasok.com\/wp-content\/uploads\/2025\/10\/Gyors-OKM.webp 1200w\" sizes=\"(max-width: 1024px) 100vw, 1024px\" \/>\t\t\t\t\t\t\t\t\t\t\t\t\t\t\t<\/div>\n\t\t\t\t<\/div>\n\t\t\t\t<div class=\"elementor-element elementor-element-4c00903 elementor-widget elementor-widget-heading\" data-id=\"4c00903\" data-element_type=\"widget\" data-e-type=\"widget\" data-widget_type=\"heading.default\">\n\t\t\t\t<div class=\"elementor-widget-container\">\n\t\t\t\t\t<h2 class=\"elementor-heading-title elementor-size-default\">Click on the pictures!<\/h2>\t\t\t\t<\/div>\n\t\t\t\t<\/div>\n\t\t\t\t<div class=\"elementor-element elementor-element-18c2e11 elementor-widget elementor-widget-heading\" data-id=\"18c2e11\" data-element_type=\"widget\" data-e-type=\"widget\" data-widget_type=\"heading.default\">\n\t\t\t\t<div class=\"elementor-widget-container\">\n\t\t\t\t\t<h2 class=\"elementor-heading-title elementor-size-default\">Landing (Subscription) page creation:<\/h2>\t\t\t\t<\/div>\n\t\t\t\t<\/div>\n\t\t\t\t<div class=\"elementor-element elementor-element-328c047 elementor-widget-tablet__width-initial elementor-widget elementor-widget-image\" data-id=\"328c047\" data-element_type=\"widget\" data-e-type=\"widget\" data-widget_type=\"image.default\">\n\t\t\t\t<div class=\"elementor-widget-container\">\n\t\t\t\t\t\t\t\t\t\t\t\t\t\t\t\t<a href=\"https:\/\/megbizas.onlinemegoldasok.com\/kedvenc-konyvek-gyak-landing-oldal\/\" target=\"_blank\">\n\t\t\t\t\t\t\t<img decoding=\"async\" width=\"1024\" height=\"453\" src=\"https:\/\/onlinemegoldasok.com\/wp-content\/uploads\/2025\/05\/Kedvenc-Konyvek-1200_Landing-1024x453.webp\" class=\"elementor-animation-grow attachment-large size-large wp-image-5969\" alt=\"\" srcset=\"https:\/\/onlinemegoldasok.com\/wp-content\/uploads\/2025\/05\/Kedvenc-Konyvek-1200_Landing-1024x453.webp 1024w, https:\/\/onlinemegoldasok.com\/wp-content\/uploads\/2025\/05\/Kedvenc-Konyvek-1200_Landing-300x133.webp 300w, https:\/\/onlinemegoldasok.com\/wp-content\/uploads\/2025\/05\/Kedvenc-Konyvek-1200_Landing-768x340.webp 768w, https:\/\/onlinemegoldasok.com\/wp-content\/uploads\/2025\/05\/Kedvenc-Konyvek-1200_Landing-600x266.webp 600w, https:\/\/onlinemegoldasok.com\/wp-content\/uploads\/2025\/05\/Kedvenc-Konyvek-1200_Landing.webp 1200w\" sizes=\"(max-width: 1024px) 100vw, 1024px\" \/>\t\t\t\t\t\t\t\t<\/a>\n\t\t\t\t\t\t\t\t\t\t\t\t\t\t\t<\/div>\n\t\t\t\t<\/div>\n\t\t\t\t<div class=\"elementor-element elementor-element-d536f88 elementor-widget elementor-widget-heading\" data-id=\"d536f88\" data-element_type=\"widget\" data-e-type=\"widget\" data-widget_type=\"heading.default\">\n\t\t\t\t<div class=\"elementor-widget-container\">\n\t\t\t\t\t<h2 class=\"elementor-heading-title elementor-size-default\">Website development:<\/h2>\t\t\t\t<\/div>\n\t\t\t\t<\/div>\n\t\t\t\t<div class=\"elementor-element elementor-element-ecec612 elementor-widget-tablet__width-initial elementor-widget elementor-widget-image\" data-id=\"ecec612\" data-element_type=\"widget\" data-e-type=\"widget\" data-widget_type=\"image.default\">\n\t\t\t\t<div class=\"elementor-widget-container\">\n\t\t\t\t\t\t\t\t\t\t\t\t\t\t\t\t<a href=\"https:\/\/megbizas.onlinemegoldasok.com\/\" target=\"_blank\">\n\t\t\t\t\t\t\t<img decoding=\"async\" width=\"1024\" height=\"454\" src=\"https:\/\/onlinemegoldasok.com\/wp-content\/uploads\/2025\/05\/Zold-Horizont-1200_weboldal-1024x454.webp\" class=\"elementor-animation-grow attachment-large size-large wp-image-5970\" alt=\"\" srcset=\"https:\/\/onlinemegoldasok.com\/wp-content\/uploads\/2025\/05\/Zold-Horizont-1200_weboldal-1024x454.webp 1024w, https:\/\/onlinemegoldasok.com\/wp-content\/uploads\/2025\/05\/Zold-Horizont-1200_weboldal-300x133.webp 300w, https:\/\/onlinemegoldasok.com\/wp-content\/uploads\/2025\/05\/Zold-Horizont-1200_weboldal-768x340.webp 768w, https:\/\/onlinemegoldasok.com\/wp-content\/uploads\/2025\/05\/Zold-Horizont-1200_weboldal-600x266.webp 600w, https:\/\/onlinemegoldasok.com\/wp-content\/uploads\/2025\/05\/Zold-Horizont-1200_weboldal.webp 1200w\" sizes=\"(max-width: 1024px) 100vw, 1024px\" \/>\t\t\t\t\t\t\t\t<\/a>\n\t\t\t\t\t\t\t\t\t\t\t\t\t\t\t<\/div>\n\t\t\t\t<\/div>\n\t\t\t\t<div class=\"elementor-element elementor-element-0cff57d elementor-widget elementor-widget-heading\" data-id=\"0cff57d\" data-element_type=\"widget\" data-e-type=\"widget\" data-widget_type=\"heading.default\">\n\t\t\t\t<div class=\"elementor-widget-container\">\n\t\t\t\t\t<h2 class=\"elementor-heading-title elementor-size-default\">Webshop (Webshop) creation:<\/h2>\t\t\t\t<\/div>\n\t\t\t\t<\/div>\n\t\t\t\t<div class=\"elementor-element elementor-element-92eca49 elementor-widget-tablet__width-initial elementor-widget elementor-widget-image\" data-id=\"92eca49\" data-element_type=\"widget\" data-e-type=\"widget\" data-widget_type=\"image.default\">\n\t\t\t\t<div class=\"elementor-widget-container\">\n\t\t\t\t\t\t\t\t\t\t\t\t\t\t\t\t<a href=\"https:\/\/megbizasok.onlinemegoldasok.com\/\" target=\"_blank\">\n\t\t\t\t\t\t\t<img loading=\"lazy\" decoding=\"async\" width=\"1024\" height=\"459\" src=\"https:\/\/onlinemegoldasok.com\/wp-content\/uploads\/2025\/05\/Gyogyito-Harmonia-1200_webshop-1024x459.webp\" class=\"elementor-animation-grow attachment-large size-large wp-image-5971\" alt=\"\" srcset=\"https:\/\/onlinemegoldasok.com\/wp-content\/uploads\/2025\/05\/Gyogyito-Harmonia-1200_webshop-1024x459.webp 1024w, https:\/\/onlinemegoldasok.com\/wp-content\/uploads\/2025\/05\/Gyogyito-Harmonia-1200_webshop-300x135.webp 300w, https:\/\/onlinemegoldasok.com\/wp-content\/uploads\/2025\/05\/Gyogyito-Harmonia-1200_webshop-768x344.webp 768w, https:\/\/onlinemegoldasok.com\/wp-content\/uploads\/2025\/05\/Gyogyito-Harmonia-1200_webshop-600x269.webp 600w, https:\/\/onlinemegoldasok.com\/wp-content\/uploads\/2025\/05\/Gyogyito-Harmonia-1200_webshop.webp 1200w\" sizes=\"(max-width: 1024px) 100vw, 1024px\" \/>\t\t\t\t\t\t\t\t<\/a>\n\t\t\t\t\t\t\t\t\t\t\t\t\t\t\t<\/div>\n\t\t\t\t<\/div>\n\t\t\t\t<div class=\"elementor-element elementor-element-facc23f elementor-widget elementor-widget-heading\" data-id=\"facc23f\" data-element_type=\"widget\" data-e-type=\"widget\" data-widget_type=\"heading.default\">\n\t\t\t\t<div class=\"elementor-widget-container\">\n\t\t\t\t\t<h2 class=\"elementor-heading-title elementor-size-default\">Website acceleration:<\/h2>\t\t\t\t<\/div>\n\t\t\t\t<\/div>\n\t\t\t\t\t<\/div>\n\t\t\t\t<\/div>\n\t\t<div class=\"elementor-element elementor-element-c13e3b1 e-flex e-con-boxed e-con e-parent\" data-id=\"c13e3b1\" data-element_type=\"container\" data-e-type=\"container\" data-settings=\"{&quot;background_background&quot;:&quot;classic&quot;}\">\n\t\t\t\t\t<div class=\"e-con-inner\">\n\t\t<div class=\"elementor-element elementor-element-2a5ee31 e-con-full e-flex e-con e-child\" data-id=\"2a5ee31\" data-element_type=\"container\" data-e-type=\"container\">\n\t\t\t\t<div class=\"elementor-element elementor-element-bc4a490 elementor-widget elementor-widget-text-editor\" data-id=\"bc4a490\" data-element_type=\"widget\" data-e-type=\"widget\" data-widget_type=\"text-editor.default\">\n\t\t\t\t<div class=\"elementor-widget-container\">\n\t\t\t\t\t\t\t\t\t<p>Before acceleration: 5.2 seconds loading time, from \"D\" rating<\/p>\t\t\t\t\t\t\t\t<\/div>\n\t\t\t\t<\/div>\n\t\t\t\t<\/div>\n\t\t<div class=\"elementor-element elementor-element-e8e96cf e-con-full e-flex e-con e-child\" data-id=\"e8e96cf\" data-element_type=\"container\" data-e-type=\"container\">\n\t\t\t\t<div class=\"elementor-element elementor-element-a9eeb5f elementor-widget elementor-widget-text-editor\" data-id=\"a9eeb5f\" data-element_type=\"widget\" data-e-type=\"widget\" data-widget_type=\"text-editor.default\">\n\t\t\t\t<div class=\"elementor-widget-container\">\n\t\t\t\t\t\t\t\t\t<p>After acceleration: 1.4 seconds loading time, to \"A\" rating<\/p>\t\t\t\t\t\t\t\t<\/div>\n\t\t\t\t<\/div>\n\t\t\t\t<\/div>\n\t\t\t\t\t<\/div>\n\t\t\t\t<\/div>\n\t\t<div class=\"elementor-element elementor-element-1fb6dce e-flex e-con-boxed e-con e-parent\" data-id=\"1fb6dce\" data-element_type=\"container\" data-e-type=\"container\" data-settings=\"{&quot;background_background&quot;:&quot;classic&quot;}\">\n\t\t\t\t\t<div class=\"e-con-inner\">\n\t\t<div class=\"elementor-element elementor-element-189243a e-con-full e-flex e-con e-child\" data-id=\"189243a\" data-element_type=\"container\" data-e-type=\"container\">\n\t\t\t\t<div class=\"elementor-element elementor-element-bd5d377 elementor-widget-tablet__width-initial elementor-widget elementor-widget-image\" data-id=\"bd5d377\" data-element_type=\"widget\" data-e-type=\"widget\" data-widget_type=\"image.default\">\n\t\t\t\t<div class=\"elementor-widget-container\">\n\t\t\t\t\t\t\t\t\t\t\t\t\t\t\t<img loading=\"lazy\" decoding=\"async\" width=\"600\" height=\"100\" src=\"https:\/\/onlinemegoldasok.com\/wp-content\/uploads\/2025\/05\/Webol.gy_._600.webp\" class=\"attachment-large size-large wp-image-5963\" alt=\"\" srcset=\"https:\/\/onlinemegoldasok.com\/wp-content\/uploads\/2025\/05\/Webol.gy_._600.webp 600w, https:\/\/onlinemegoldasok.com\/wp-content\/uploads\/2025\/05\/Webol.gy_._600-300x50.webp 300w\" sizes=\"(max-width: 600px) 100vw, 600px\" \/>\t\t\t\t\t\t\t\t\t\t\t\t\t\t\t<\/div>\n\t\t\t\t<\/div>\n\t\t\t\t<\/div>\n\t\t<div class=\"elementor-element elementor-element-b0c31e2 e-con-full e-flex e-con e-child\" data-id=\"b0c31e2\" data-element_type=\"container\" data-e-type=\"container\">\n\t\t\t\t<div class=\"elementor-element elementor-element-42e1b09 elementor-widget-tablet__width-initial elementor-widget elementor-widget-image\" data-id=\"42e1b09\" data-element_type=\"widget\" data-e-type=\"widget\" data-widget_type=\"image.default\">\n\t\t\t\t<div class=\"elementor-widget-container\">\n\t\t\t\t\t\t\t\t\t\t\t\t\t\t\t<img loading=\"lazy\" decoding=\"async\" width=\"600\" height=\"97\" src=\"https:\/\/onlinemegoldasok.com\/wp-content\/uploads\/2025\/05\/gyorsitas_600.webp\" class=\"attachment-large size-large wp-image-5962\" alt=\"\" srcset=\"https:\/\/onlinemegoldasok.com\/wp-content\/uploads\/2025\/05\/gyorsitas_600.webp 600w, https:\/\/onlinemegoldasok.com\/wp-content\/uploads\/2025\/05\/gyorsitas_600-300x49.webp 300w\" sizes=\"(max-width: 600px) 100vw, 600px\" \/>\t\t\t\t\t\t\t\t\t\t\t\t\t\t\t<\/div>\n\t\t\t\t<\/div>\n\t\t\t\t<\/div>\n\t\t\t\t\t<\/div>\n\t\t\t\t<\/div>\n\t\t<div class=\"elementor-element elementor-element-c092730 e-flex e-con-boxed e-con e-parent\" data-id=\"c092730\" data-element_type=\"container\" data-e-type=\"container\" data-settings=\"{&quot;background_background&quot;:&quot;classic&quot;}\">\n\t\t\t\t\t<div class=\"e-con-inner\">\n\t\t\t\t<div class=\"elementor-element elementor-element-07bd927 elementor-invisible elementor-widget elementor-widget-heading\" data-id=\"07bd927\" data-element_type=\"widget\" data-e-type=\"widget\" data-settings=\"{&quot;_animation&quot;:&quot;fadeInLeft&quot;}\" data-widget_type=\"heading.default\">\n\t\t\t\t<div class=\"elementor-widget-container\">\n\t\t\t\t\t<h2 class=\"elementor-heading-title elementor-size-default\">Which do you choose?<\/h2>\t\t\t\t<\/div>\n\t\t\t\t<\/div>\n\t\t\t\t<div class=\"elementor-element elementor-element-9ff4723 elementor-align-center elementor-widget elementor-widget-button\" data-id=\"9ff4723\" data-element_type=\"widget\" data-e-type=\"widget\" data-widget_type=\"button.default\">\n\t\t\t\t<div class=\"elementor-widget-container\">\n\t\t\t\t\t\t\t\t\t<div class=\"elementor-button-wrapper\">\n\t\t\t\t\t<a class=\"elementor-button elementor-button-link elementor-size-sm elementor-animation-grow\" href=\"https:\/\/onlinemegoldasok.com\/en\/slave-tattoos\/#kerek\" target=\"_blank\">\n\t\t\t\t\t\t<span class=\"elementor-button-content-wrapper\">\n\t\t\t\t\t\t\t\t\t<span class=\"elementor-button-text\">Free consultation and quote!<\/span>\n\t\t\t\t\t<\/span>\n\t\t\t\t\t<\/a>\n\t\t\t\t<\/div>\n\t\t\t\t\t\t\t\t<\/div>\n\t\t\t\t<\/div>\n\t\t\t\t\t<\/div>\n\t\t\t\t<\/div>\n\t\t\t\t<\/div>","protected":false},"excerpt":{"rendered":"<p>From my work: Click on the images! Landing (subscription) page creation: Website creation: Webshop creation: Website speed optimisation: Before optimisation: 5.2 seconds loading time, \u201eD\u201d rating After optimisation: 1.4 seconds loading time, \u201eA\u201d rating Which one would you choose? Request a free consultation and quote!<\/p>","protected":false},"author":1,"featured_media":0,"parent":0,"menu_order":0,"comment_status":"closed","ping_status":"closed","template":"","meta":{"_uag_custom_page_level_css":"","site-sidebar-layout":"no-sidebar","site-content-layout":"page-builder","ast-site-content-layout":"full-width-container","site-content-style":"default","site-sidebar-style":"default","ast-global-header-display":"","ast-banner-title-visibility":"","ast-main-header-display":"","ast-hfb-above-header-display":"","ast-hfb-below-header-display":"","ast-hfb-mobile-header-display":"","site-post-title":"disabled","ast-breadcrumbs-content":"","ast-featured-img":"disabled","footer-sml-layout":"","ast-disable-related-posts":"","theme-transparent-header-meta":"default","adv-header-id-meta":"","stick-header-meta":"default","header-above-stick-meta":"","header-main-stick-meta":"","header-below-stick-meta":"","astra-migrate-meta-layouts":"set","ast-page-background-enabled":"default","ast-page-background-meta":{"desktop":{"background-color":"","background-image":"","background-repeat":"repeat","background-position":"center center","background-size":"auto","background-attachment":"scroll","background-type":"","background-media":"","overlay-type":"","overlay-color":"","overlay-opacity":"","overlay-gradient":""},"tablet":{"background-color":"","background-image":"","background-repeat":"repeat","background-position":"center center","background-size":"auto","background-attachment":"scroll","background-type":"","background-media":"","overlay-type":"","overlay-color":"","overlay-opacity":"","overlay-gradient":""},"mobile":{"background-color":"","background-image":"","background-repeat":"repeat","background-position":"center center","background-size":"auto","background-attachment":"scroll","background-type":"","background-media":"","overlay-type":"","overlay-color":"","overlay-opacity":"","overlay-gradient":""}},"ast-content-background-meta":{"desktop":{"background-color":"var(--ast-global-color-5)","background-image":"","background-repeat":"repeat","background-position":"center center","background-size":"auto","background-attachment":"scroll","background-type":"","background-media":"","overlay-type":"","overlay-color":"","overlay-opacity":"","overlay-gradient":""},"tablet":{"background-color":"var(--ast-global-color-5)","background-image":"","background-repeat":"repeat","background-position":"center center","background-size":"auto","background-attachment":"scroll","background-type":"","background-media":"","overlay-type":"","overlay-color":"","overlay-opacity":"","overlay-gradient":""},"mobile":{"background-color":"var(--ast-global-color-5)","background-image":"","background-repeat":"repeat","background-position":"center center","background-size":"auto","background-attachment":"scroll","background-type":"","background-media":"","overlay-type":"","overlay-color":"","overlay-opacity":"","overlay-gradient":""}},"footnotes":""},"class_list":["post-5244","page","type-page","status-publish","hentry"],"yoast_head":"<!-- This site is optimized with the Yoast SEO Premium plugin v27.2 (Yoast SEO v27.2) - https:\/\/yoast.com\/product\/yoast-seo-premium-wordpress\/ -->\n<title>Portf\u00f3li\u00f3 - Online Kreat\u00edv Megold\u00e1sok<\/title>\n<meta name=\"robots\" content=\"index, follow, max-snippet:-1, max-image-preview:large, max-video-preview:-1\" \/>\n<link rel=\"canonical\" href=\"https:\/\/onlinemegoldasok.com\/en\/portfolio\/\" \/>\n<meta property=\"og:locale\" content=\"en_GB\" \/>\n<meta property=\"og:type\" content=\"article\" \/>\n<meta property=\"og:title\" content=\"Portf\u00f3li\u00f3\" \/>\n<meta property=\"og:description\" content=\"Munk\u00e1imb\u00f3l: Kattints a k\u00e9pekre! Landing (Feliratkoz\u00f3) oldal k\u00e9sz\u00edt\u00e9s: Weboldal k\u00e9sz\u00edt\u00e9s: Webshop (Web\u00e1ruh\u00e1z) k\u00e9sz\u00edt\u00e9s: Weboldal gyors\u00edt\u00e1s: Gyors\u00edt\u00e1s el\u0151tt: 5,2 m\u00e1sodperc bet\u00f6lt\u00e9si id\u0151, &#8222;D&#8221; min\u0151s\u00edt\u00e9sb\u0151l Gyors\u00edt\u00e1s ut\u00e1n: 1,4 m\u00e1sodperc bet\u00f6lt\u00e9si id\u0151, &#8222;A&#8221; min\u0151s\u00edt\u00e9sbe Te melyiket v\u00e1lasztod? Ingyenes konzult\u00e1ci\u00f3t \u00e9s \u00e1raj\u00e1nlatot k\u00e9rek!\" \/>\n<meta property=\"og:url\" content=\"https:\/\/onlinemegoldasok.com\/en\/portfolio\/\" \/>\n<meta property=\"og:site_name\" content=\"Online Kreat\u00edv Megold\u00e1sok\" \/>\n<meta property=\"article:modified_time\" content=\"2025-10-12T10:53:58+00:00\" \/>\n<meta property=\"og:image\" content=\"https:\/\/onlinemegoldasok.com\/wp-content\/uploads\/2025\/10\/Gyors-OKM.webp\" \/>\n\t<meta property=\"og:image:width\" content=\"1200\" \/>\n\t<meta property=\"og:image:height\" content=\"1047\" \/>\n\t<meta property=\"og:image:type\" content=\"image\/webp\" \/>\n<meta name=\"twitter:card\" content=\"summary_large_image\" \/>\n<meta name=\"twitter:label1\" content=\"Estimated reading time\" \/>\n\t<meta name=\"twitter:data1\" content=\"2 minutes\" \/>\n<script type=\"application\/ld+json\" class=\"yoast-schema-graph\">{\"@context\":\"https:\/\/schema.org\",\"@graph\":[{\"@type\":\"WebPage\",\"@id\":\"https:\/\/onlinemegoldasok.com\/portfolio\/\",\"url\":\"https:\/\/onlinemegoldasok.com\/portfolio\/\",\"name\":\"Portf\u00f3li\u00f3 - Online Kreat\u00edv Megold\u00e1sok\",\"isPartOf\":{\"@id\":\"https:\/\/onlinemegoldasok.com\/#website\"},\"primaryImageOfPage\":{\"@id\":\"https:\/\/onlinemegoldasok.com\/portfolio\/#primaryimage\"},\"image\":{\"@id\":\"https:\/\/onlinemegoldasok.com\/portfolio\/#primaryimage\"},\"thumbnailUrl\":\"https:\/\/onlinemegoldasok.com\/wp-content\/uploads\/2025\/10\/Gyors-OKM-1024x893.webp\",\"datePublished\":\"2025-04-01T17:38:16+00:00\",\"dateModified\":\"2025-10-12T10:53:58+00:00\",\"breadcrumb\":{\"@id\":\"https:\/\/onlinemegoldasok.com\/portfolio\/#breadcrumb\"},\"inLanguage\":\"en-GB\",\"potentialAction\":[{\"@type\":\"ReadAction\",\"target\":[\"https:\/\/onlinemegoldasok.com\/portfolio\/\"]}]},{\"@type\":\"ImageObject\",\"inLanguage\":\"en-GB\",\"@id\":\"https:\/\/onlinemegoldasok.com\/portfolio\/#primaryimage\",\"url\":\"https:\/\/onlinemegoldasok.com\/wp-content\/uploads\/2025\/10\/Gyors-OKM-1024x893.webp\",\"contentUrl\":\"https:\/\/onlinemegoldasok.com\/wp-content\/uploads\/2025\/10\/Gyors-OKM-1024x893.webp\"},{\"@type\":\"BreadcrumbList\",\"@id\":\"https:\/\/onlinemegoldasok.com\/portfolio\/#breadcrumb\",\"itemListElement\":[{\"@type\":\"ListItem\",\"position\":1,\"name\":\"Home\",\"item\":\"https:\/\/onlinemegoldasok.com\/\"},{\"@type\":\"ListItem\",\"position\":2,\"name\":\"Portf\u00f3li\u00f3\"}]},{\"@type\":\"WebSite\",\"@id\":\"https:\/\/onlinemegoldasok.com\/#website\",\"url\":\"https:\/\/onlinemegoldasok.com\/\",\"name\":\"Online Kreat\u00edv Megold\u00e1sok\",\"description\":\"Weboldal k\u00e9sz\u00edt\u00e9s, gyors\u00edt\u00e1s, optimaliz\u00e1l\u00e1s - ig\u00e9nyes v\u00e1llalkoz\u00f3knak\",\"potentialAction\":[{\"@type\":\"SearchAction\",\"target\":{\"@type\":\"EntryPoint\",\"urlTemplate\":\"https:\/\/onlinemegoldasok.com\/?s={search_term_string}\"},\"query-input\":{\"@type\":\"PropertyValueSpecification\",\"valueRequired\":true,\"valueName\":\"search_term_string\"}}],\"inLanguage\":\"en-GB\"}]}<\/script>\n<!-- \/ Yoast SEO Premium plugin. -->","yoast_head_json":{"title":"Portfolio - Creative Solutions Online","robots":{"index":"index","follow":"follow","max-snippet":"max-snippet:-1","max-image-preview":"max-image-preview:large","max-video-preview":"max-video-preview:-1"},"canonical":"https:\/\/onlinemegoldasok.com\/en\/portfolio\/","og_locale":"en_GB","og_type":"article","og_title":"Portf\u00f3li\u00f3","og_description":"Munk\u00e1imb\u00f3l: Kattints a k\u00e9pekre! Landing (Feliratkoz\u00f3) oldal k\u00e9sz\u00edt\u00e9s: Weboldal k\u00e9sz\u00edt\u00e9s: Webshop (Web\u00e1ruh\u00e1z) k\u00e9sz\u00edt\u00e9s: Weboldal gyors\u00edt\u00e1s: Gyors\u00edt\u00e1s el\u0151tt: 5,2 m\u00e1sodperc bet\u00f6lt\u00e9si id\u0151, &#8222;D&#8221; min\u0151s\u00edt\u00e9sb\u0151l Gyors\u00edt\u00e1s ut\u00e1n: 1,4 m\u00e1sodperc bet\u00f6lt\u00e9si id\u0151, &#8222;A&#8221; min\u0151s\u00edt\u00e9sbe Te melyiket v\u00e1lasztod? Ingyenes konzult\u00e1ci\u00f3t \u00e9s \u00e1raj\u00e1nlatot k\u00e9rek!","og_url":"https:\/\/onlinemegoldasok.com\/en\/portfolio\/","og_site_name":"Online Kreat\u00edv Megold\u00e1sok","article_modified_time":"2025-10-12T10:53:58+00:00","og_image":[{"width":1200,"height":1047,"url":"https:\/\/onlinemegoldasok.com\/wp-content\/uploads\/2025\/10\/Gyors-OKM.webp","type":"image\/webp"}],"twitter_card":"summary_large_image","twitter_misc":{"Estimated reading time":"2 minutes"},"schema":{"@context":"https:\/\/schema.org","@graph":[{"@type":"WebPage","@id":"https:\/\/onlinemegoldasok.com\/portfolio\/","url":"https:\/\/onlinemegoldasok.com\/portfolio\/","name":"Portfolio - Creative Solutions Online","isPartOf":{"@id":"https:\/\/onlinemegoldasok.com\/#website"},"primaryImageOfPage":{"@id":"https:\/\/onlinemegoldasok.com\/portfolio\/#primaryimage"},"image":{"@id":"https:\/\/onlinemegoldasok.com\/portfolio\/#primaryimage"},"thumbnailUrl":"https:\/\/onlinemegoldasok.com\/wp-content\/uploads\/2025\/10\/Gyors-OKM-1024x893.webp","datePublished":"2025-04-01T17:38:16+00:00","dateModified":"2025-10-12T10:53:58+00:00","breadcrumb":{"@id":"https:\/\/onlinemegoldasok.com\/portfolio\/#breadcrumb"},"inLanguage":"en-GB","potentialAction":[{"@type":"ReadAction","target":["https:\/\/onlinemegoldasok.com\/portfolio\/"]}]},{"@type":"ImageObject","inLanguage":"en-GB","@id":"https:\/\/onlinemegoldasok.com\/portfolio\/#primaryimage","url":"https:\/\/onlinemegoldasok.com\/wp-content\/uploads\/2025\/10\/Gyors-OKM-1024x893.webp","contentUrl":"https:\/\/onlinemegoldasok.com\/wp-content\/uploads\/2025\/10\/Gyors-OKM-1024x893.webp"},{"@type":"BreadcrumbList","@id":"https:\/\/onlinemegoldasok.com\/portfolio\/#breadcrumb","itemListElement":[{"@type":"ListItem","position":1,"name":"Home","item":"https:\/\/onlinemegoldasok.com\/"},{"@type":"ListItem","position":2,"name":"Portf\u00f3li\u00f3"}]},{"@type":"WebSite","@id":"https:\/\/onlinemegoldasok.com\/#website","url":"https:\/\/onlinemegoldasok.com\/","name":"Online Creative Solutions","description":"Website development, acceleration, optimization - for demanding entrepreneurs","potentialAction":[{"@type":"SearchAction","target":{"@type":"EntryPoint","urlTemplate":"https:\/\/onlinemegoldasok.com\/?s={search_term_string}"},"query-input":{"@type":"PropertyValueSpecification","valueRequired":true,"valueName":"search_term_string"}}],"inLanguage":"en-GB"}]}},"uagb_featured_image_src":{"full":false,"thumbnail":false,"medium":false,"medium_large":false,"large":false,"1536x1536":false,"2048x2048":false,"trp-custom-language-flag":false,"woocommerce_thumbnail":false,"woocommerce_single":false,"woocommerce_gallery_thumbnail":false},"uagb_author_info":{"display_name":"Nagy \u00c1gnes","author_link":"https:\/\/onlinemegoldasok.com\/en\/author\/nagyagnes434\/"},"uagb_comment_info":0,"uagb_excerpt":"Munk\u00e1imb\u00f3l: Kattints a k\u00e9pekre! Landing (Feliratkoz\u00f3) oldal k\u00e9sz\u00edt\u00e9s: Weboldal k\u00e9sz\u00edt\u00e9s: Webshop (Web\u00e1ruh\u00e1z) k\u00e9sz\u00edt\u00e9s: Weboldal gyors\u00edt\u00e1s: Gyors\u00edt\u00e1s el\u0151tt: 5,2 m\u00e1sodperc bet\u00f6lt\u00e9si id\u0151, &#8222;D&#8221; min\u0151s\u00edt\u00e9sb\u0151l Gyors\u00edt\u00e1s ut\u00e1n: 1,4 m\u00e1sodperc bet\u00f6lt\u00e9si id\u0151, &#8222;A&#8221; min\u0151s\u00edt\u00e9sbe Te melyiket v\u00e1lasztod? Ingyenes konzult\u00e1ci\u00f3t \u00e9s \u00e1raj\u00e1nlatot k\u00e9rek!","_links":{"self":[{"href":"https:\/\/onlinemegoldasok.com\/en\/wp-json\/wp\/v2\/pages\/5244","targetHints":{"allow":["GET"]}}],"collection":[{"href":"https:\/\/onlinemegoldasok.com\/en\/wp-json\/wp\/v2\/pages"}],"about":[{"href":"https:\/\/onlinemegoldasok.com\/en\/wp-json\/wp\/v2\/types\/page"}],"author":[{"embeddable":true,"href":"https:\/\/onlinemegoldasok.com\/en\/wp-json\/wp\/v2\/users\/1"}],"replies":[{"embeddable":true,"href":"https:\/\/onlinemegoldasok.com\/en\/wp-json\/wp\/v2\/comments?post=5244"}],"version-history":[{"count":145,"href":"https:\/\/onlinemegoldasok.com\/en\/wp-json\/wp\/v2\/pages\/5244\/revisions"}],"predecessor-version":[{"id":8439,"href":"https:\/\/onlinemegoldasok.com\/en\/wp-json\/wp\/v2\/pages\/5244\/revisions\/8439"}],"wp:attachment":[{"href":"https:\/\/onlinemegoldasok.com\/en\/wp-json\/wp\/v2\/media?parent=5244"}],"curies":[{"name":"wp","href":"https:\/\/api.w.org\/{rel}","templated":true}]}}